{"id":1261,"date":"2015-07-23T14:27:58","date_gmt":"2015-07-23T14:27:58","guid":{"rendered":"http:\/\/medicine-plus.cmsmasters.net\/?page_id=1261"},"modified":"2023-11-24T20:12:27","modified_gmt":"2023-11-24T19:12:27","slug":"contacts","status":"publish","type":"page","link":"https:\/\/pktss.com\/?page_id=1261","title":{"rendered":"Kontakt"},"content":{"rendered":"<style type=\"text\/css\"> \n#cmsmasters_row_69e70044ee91c .cmsmasters_row_outer_parent { \n\tpadding-top: 70px; \n} \n\n#cmsmasters_row_69e70044ee91c .cmsmasters_row_outer_parent { \n\tpadding-bottom: 50px; \n} \n\n \n#cmsmasters_heading_69e70045004ab { \n\ttext-align:left; \n\tmargin-top:0px; \n\tmargin-bottom:20px; \n} \n\n#cmsmasters_heading_69e70045004ab .cmsmasters_heading { \n\ttext-align:left; \n} \n\n#cmsmasters_heading_69e70045004ab .cmsmasters_heading, #cmsmasters_heading_69e70045004ab .cmsmasters_heading a { \n\tfont-weight:normal; \n\tfont-style:normal; \n} \n\n#cmsmasters_heading_69e70045004ab .cmsmasters_heading_divider { \n} \n\n \n#cmsmasters_heading_69e700450054e { \n\ttext-align:left; \n\tmargin-top:20px; \n\tmargin-bottom:30px; \n} \n\n#cmsmasters_heading_69e700450054e .cmsmasters_heading { \n\ttext-align:left; \n} \n\n#cmsmasters_heading_69e700450054e .cmsmasters_heading, #cmsmasters_heading_69e700450054e .cmsmasters_heading a { \n\tfont-weight:300; \n\tfont-style:normal; \n} \n\n#cmsmasters_heading_69e700450054e .cmsmasters_heading_divider { \n} \n\n #cmsmasters_icon_list_items_69e70045005c8 { \n\tpadding-left:40px; \n} \n\n#cmsmasters_icon_list_items_69e70045005c8 .cmsmasters_icon_list_item:before { \n\tfont-size:20px; \n\tleft:-40px; \n} \n#cmsmasters_icon_list_items_69e70045005c8 .cmsmasters_icon_list_item { \n\tline-height:35px; \n\tpadding:0; \n} \n\n#cmsmasters_icon_list_items_69e70045005c8 .cmsmasters_icon_list_item:before { \n\tline-height:35px; \n\ttop:0; \n} \n\n.cmsmasters_icon_list_items #cmsmasters_icon_list_item_69e70045006b8:before { \n\tcolor:#01a2a6;\n} \n\n.cmsmasters_icon_list_items #cmsmasters_icon_list_item_69e700450071a:before { \n\tcolor:#01a2a6;\n} \n\n.cmsmasters_icon_list_items #cmsmasters_icon_list_item_69e7004500772:before { \n\tcolor:#01a2a6;\n} \n \n#cmsmasters_heading_69e70045007dc { \n\ttext-align:left; \n\tmargin-top:40px; \n\tmargin-bottom:40px; \n} \n\n#cmsmasters_heading_69e70045007dc .cmsmasters_heading { \n\ttext-align:left; \n} \n\n#cmsmasters_heading_69e70045007dc .cmsmasters_heading, #cmsmasters_heading_69e70045007dc .cmsmasters_heading a { \n\tfont-weight:300; \n\tfont-style:normal; \n} \n\n#cmsmasters_heading_69e70045007dc .cmsmasters_heading_divider { \n} \n\n \n#cmsmasters_row_69e7004500ca0 .cmsmasters_row_outer_parent { \n\tpadding-top: 0px; \n} \n\n#cmsmasters_row_69e7004500ca0 .cmsmasters_row_outer_parent { \n\tpadding-bottom: 50px; \n} \n\n.mapouter{position:relative;text-align:right;height:500px;width:1200px;}.gmap_canvas {overflow:hidden;background:none!important;height:500px;width:1080px;}<\/style><div id=\"cmsmasters_row_69e70044ee683\" class=\"cmsmasters_row cmsmasters_color_scheme_default cmsmasters_row_top_default cmsmasters_row_bot_default cmsmasters_row_boxed\">\n<div class=\"cmsmasters_row_outer_parent\">\n<div class=\"cmsmasters_row_outer\">\n<div class=\"cmsmasters_row_inner\">\n<div class=\"cmsmasters_row_margin\">\n<div class=\"cmsmasters_column one_first\">\n<div class=\"cmsmasters_text\">\n<p><\/p>\n<\/div>\n<\/div>\n<\/div>\n<\/div>\n<\/div>\n<\/div>\n<\/div>\n<div id=\"cmsmasters_row_69e70044ee91c\" class=\"cmsmasters_row cmsmasters_color_scheme_default cmsmasters_row_top_default cmsmasters_row_bot_default cmsmasters_row_boxed\">\n<div class=\"cmsmasters_row_outer_parent\">\n<div class=\"cmsmasters_row_outer\">\n<div class=\"cmsmasters_row_inner\">\n<div class=\"cmsmasters_row_margin\">\n<div class=\"cmsmasters_column two_third forminator_form id=\u20339176\u2033\">\n<div class=\"cmsmasters_text\">\n<div class=\"forminator-ui forminator-custom-form forminator-custom-form-9176 forminator-design--flat  forminator_ajax\" data-forminator-render=\"0\" data-form=\"forminator-module-9176\"><br\/><\/div><form\n\t\t\t\tid=\"forminator-module-9176\"\n\t\t\t\tclass=\"forminator-ui forminator-custom-form forminator-custom-form-9176 forminator-design--flat  forminator_ajax\"\n\t\t\t\tmethod=\"post\"\n\t\t\t\tdata-forminator-render=\"0\"\n\t\t\t\tdata-form-id=\"9176\"\n\t\t\t\t\n\t\t\t\tdata-design=\"flat\"\n\t\t\t\t\n\t\t\t\t\n\t\t\t\t\n\t\t\t\tdata-grid=\"open\"\n\t\t\t\t\n\t\t\t\t\n\t\t\t\tstyle=\"display: none;\"\n\t\t\t><div class=\"forminator-response-message forminator-error\" aria-hidden=\"true\"><\/div><div class=\"forminator-row\"><div id=\"name-1\" class=\"forminator-col forminator-col-12 \"><div class=\"forminator-field\"><label for=\"forminator-field-name-1\" class=\"forminator-label\">First Name <span class=\"forminator-required\">*<\/span><\/label><input type=\"text\" name=\"name-1\" value=\"\" placeholder=\"\" id=\"forminator-field-name-1\" class=\"forminator-input forminator-name--field\" aria-required=\"true\" \/><\/div><\/div><\/div><div class=\"forminator-row\"><div id=\"email-1\" class=\"forminator-col forminator-col-12 \"><div class=\"forminator-field\"><label for=\"forminator-field-email-1\" class=\"forminator-label\">Email Address <span class=\"forminator-required\">*<\/span><\/label><input type=\"email\" name=\"email-1\" value=\"\" placeholder=\"\" id=\"forminator-field-email-1\" class=\"forminator-input forminator-email--field\" data-required=\"true\" aria-required=\"true\" \/><\/div><\/div><\/div><div class=\"forminator-row\"><div id=\"phone-1\" class=\"forminator-col forminator-col-12 \"><div class=\"forminator-field\"><label for=\"forminator-field-phone-1\" class=\"forminator-label\">Phone Number<\/label><input type=\"text\" name=\"phone-1\" value=\"\" placeholder=\"\" id=\"forminator-field-phone-1\" class=\"forminator-input forminator-field--phone\" data-required=\"\" aria-required=\"false\" autocomplete=\"off\" \/><\/div><\/div><\/div><div class=\"forminator-row\"><div id=\"textarea-1\" class=\"forminator-col forminator-col-12 \"><div class=\"forminator-field\"><label for=\"forminator-field-textarea-1\" class=\"forminator-label\">Message <span class=\"forminator-required\">*<\/span><\/label><textarea name=\"textarea-1\" placeholder=\"Enter your message...\" id=\"forminator-field-textarea-1\" class=\"forminator-textarea\" rows=\"6\" style=\"min-height:140px;\" maxlength=\"180\" ><\/textarea><span class=\"forminator-description\"><span data-limit=\"180\" data-type=\"characters\">0 \/ 180<\/span><\/span><\/div><\/div><\/div><input type=\"hidden\" name=\"referer_url\" value=\"\" \/><div class=\"forminator-row forminator-row-last\"><div class=\"forminator-col\"><div class=\"forminator-field\"><button class=\"forminator-button forminator-button-submit\">Send Message<\/button><\/div><\/div><\/div><input type=\"hidden\" id=\"forminator_nonce\" name=\"forminator_nonce\" value=\"2c06fe3b96\" \/><input type=\"hidden\" name=\"_wp_http_referer\" value=\"\/index.php?rest_route=%2Fwp%2Fv2%2Fpages%2F1261\" \/><input type=\"hidden\" name=\"form_id\" value=\"9176\"><input type=\"hidden\" name=\"page_id\" value=\"1261\"><input type=\"hidden\" name=\"form_type\" value=\"default\"><input type=\"hidden\" name=\"current_url\" value=\"https:\/\/pktss.com\/?rest_route=%2Fwp%2Fv2%2Fpages%2F1261\"><input type=\"hidden\" name=\"render_id\" value=\"0\"><input type=\"hidden\" name=\"action\" value=\"forminator_submit_form_custom-forms\"><\/form>\n<\/div>\n<\/div>\n<div class=\"cmsmasters_column one_third\">\n\n<div id=\"cmsmasters_heading_69e70045004ab\" class=\"cmsmasters_heading_wrap cmsmasters_heading_align_left\">\n\t<h1 class=\"cmsmasters_heading\">Kontaktirajte nas<\/h1>\n<\/div><div class=\"cmsmasters_text\">\n<p>Kako Vam mo\u017eemo pomo\u0107i? Ukoliko imate pitanja na koja niste prona\u0161li odgovor, kontaktirajte nas emailom ili nas nazovite telefonom.<\/p>\n<\/div>\n\n<div id=\"cmsmasters_heading_69e700450054e\" class=\"cmsmasters_heading_wrap cmsmasters_heading_align_left\">\n\t<h3 class=\"cmsmasters_heading\">Kontakt informacije<\/h3>\n<\/div> \n<ul id=\"cmsmasters_icon_list_items_69e70045005c8\" class=\"cmsmasters_icon_list_items cmsmasters_icon_list_type_list cmsmasters_icon_list_pos_left cmsmasters_color_type_border\"><li id=\"cmsmasters_icon_list_item_69e70045006b8\" class=\"cmsmasters_icon_list_item cmsmasters-icon-direction-3\">Armaganu\u0161a br. 29, 71000 Sarajevo, BiH<\/li><li id=\"cmsmasters_icon_list_item_69e700450071a\" class=\"cmsmasters_icon_list_item cmsmasters-icon-phone-4\">033\/445-789; 033\/205-942 FAX 033\/205-942<\/li><li id=\"cmsmasters_icon_list_item_69e7004500772\" class=\"cmsmasters_icon_list_item cmsmasters-icon-envelope-letter\">info@pktss.com<\/li><\/ul>\n<div id=\"cmsmasters_heading_69e70045007dc\" class=\"cmsmasters_heading_wrap cmsmasters_heading_align_left\">\n\t<h3 class=\"cmsmasters_heading\">Social Media<\/h3>\n<\/div>\n<div class=\"cmsmasters_sharing\">\n<div class=\"share_wrap\">\n<a href=\"https:\/\/twitter.com\/intent\/tweet?text=Check+out+%27Kontakt%27+on+Srednja+poslovno-komercijalna+i+trgova%C4%8Dka+%C5%A1kola+Sarajevo+website&url=https%3A%2F%2Fpktss.com%2F%3Fpage_id%3D1261\" class=\"button cmsmasters-icon-twitter\">Twitter<\/a>\n<\/div>\n<div class=\"share_wrap\">\n<a href=\"https:\/\/plus.google.com\/share?url=https%3A%2F%2Fpktss.com%2F%3Fpage_id%3D1261\" class=\"button cmsmasters-icon-google\">Google+<\/a>\n<\/div>\n<div class=\"share_wrap\">\n<a href=\"https:\/\/www.facebook.com\/sharer\/sharer.php?display=popup&u=https%3A%2F%2Fpktss.com%2F%3Fpage_id%3D1261\" class=\"button cmsmasters-icon-facebook\">Facebook<\/a>\n<\/div>\n<\/div>\n<\/div>\n<\/div>\n<\/div>\n<\/div>\n<\/div>\n<\/div>\n<div id=\"cmsmasters_row_69e7004500ca0\" class=\"cmsmasters_row cmsmasters_color_scheme_default cmsmasters_row_top_default cmsmasters_row_bot_default cmsmasters_row_boxed\">\n<div class=\"cmsmasters_row_outer_parent\">\n<div class=\"cmsmasters_row_outer\">\n<div class=\"cmsmasters_row_inner\">\n<div class=\"cmsmasters_row_margin\">\n<div class=\"cmsmasters_column one_first\">\n<div class=\"cmsmasters_text\">\n<div class=\"mapouter\">\n<div class=\"gmap_canvas\">\n<iframe loading=\"lazy\" id=\"gmap_canvas\" src=\"https:\/\/maps.google.com\/maps?q=Armaganu%C5%A1a%20br&amp;t=&amp;z=13&amp;ie=UTF8&amp;iwloc=&amp;output=embed\" width=\"1080\" height=\"500\" frameborder=\"0\" marginwidth=\"0\" marginheight=\"0\" scrolling=\"no\"><\/iframe><a href=\"https:\/\/2piratebay.org\">pirate bay<\/a><\/p>\n\n<p><a href=\"https:\/\/www.embedgooglemap.net\">how to embed google maps in html<\/a><\/p>\n\n<\/div>\n<\/div>\n<\/div>\n<\/div>\n<\/div>\n<\/div>\n<\/div>\n<\/div>\n<\/div>\n\n","protected":false},"excerpt":{"rendered":"","protected":false},"author":3,"featured_media":0,"parent":0,"menu_order":0,"comment_status":"closed","ping_status":"open","template":"","meta":{"loftloader_page_shortcode":"","footnotes":""},"yst_prominent_words":[1455,848,362],"yoast_head":"<!-- This site is optimized with the Yoast SEO Premium plugin v14.4.1 - https:\/\/yoast.com\/wordpress\/plugins\/seo\/ -->\n<title>Kontakt | Srednja poslovno-komercijalna i trgova\u010dka \u0161kola Sarajevo<\/title>\n<meta name=\"robots\" content=\"index, follow\" \/>\n<meta name=\"googlebot\" content=\"index, follow, max-snippet:-1, max-image-preview:large, max-video-preview:-1\" \/>\n<meta name=\"bingbot\" content=\"index, follow, max-snippet:-1, max-image-preview:large, max-video-preview:-1\" \/>\n<link rel=\"canonical\" href=\"https:\/\/pktss.com\/?page_id=1261\" \/>\n<meta property=\"og:locale\" content=\"en_US\" \/>\n<meta property=\"og:type\" content=\"article\" \/>\n<meta property=\"og:title\" content=\"Kontakt | Srednja poslovno-komercijalna i trgova\u010dka \u0161kola Sarajevo\" \/>\n<meta property=\"og:url\" content=\"https:\/\/pktss.com\/?page_id=1261\" \/>\n<meta property=\"og:site_name\" content=\"Srednja poslovno-komercijalna i trgova\u010dka \u0161kola Sarajevo\" \/>\n<meta property=\"article:publisher\" content=\"https:\/\/www.facebook.com\/pages\/category\/High-School\/JU-Srednja-poslovno-komercijalna-i-trgova%c4%8dka-%c5%a1kola-757508807718194\/\" \/>\n<meta property=\"article:modified_time\" content=\"2023-11-24T19:12:27+00:00\" \/>\n<meta name=\"twitter:card\" content=\"summary_large_image\" \/>\n<script type=\"application\/ld+json\" class=\"yoast-schema-graph\">{\"@context\":\"https:\/\/schema.org\",\"@graph\":[{\"@type\":[\"Organization\",\"Place\"],\"@id\":\"https:\/\/pktss.com\/#organization\",\"name\":\"JU Srednja poslovno-komercijalna i trgova\\u010dka \\u0161kola Sarajevo\",\"url\":\"https:\/\/pktss.com\/\",\"sameAs\":[\"https:\/\/www.facebook.com\/pages\/category\/High-School\/JU-Srednja-poslovno-komercijalna-i-trgova\\u010dka-\\u0161kola-757508807718194\/\"],\"logo\":{\"@type\":\"ImageObject\",\"@id\":\"https:\/\/pktss.com\/#logo\",\"inLanguage\":\"en-US\",\"url\":\"https:\/\/pktss.com\/wp-content\/uploads\/2020\/06\/logo.png\",\"width\":350,\"height\":56,\"caption\":\"JU Srednja poslovno-komercijalna i trgova\\u010dka \\u0161kola Sarajevo\"},\"image\":{\"@id\":\"https:\/\/pktss.com\/#logo\"},\"location\":{\"@id\":\"https:\/\/pktss.com\/?page_id=1261#local-place\"},\"address\":{\"@id\":\"https:\/\/pktss.com\/?page_id=1261#local-place-address\"}},{\"@type\":\"WebSite\",\"@id\":\"https:\/\/pktss.com\/#website\",\"url\":\"https:\/\/pktss.com\/\",\"name\":\"Srednja poslovno-komercijalna i trgova\\u010dka \\u0161kola Sarajevo\",\"description\":\"Srednja \\u0161kola\",\"publisher\":{\"@id\":\"https:\/\/pktss.com\/#organization\"},\"potentialAction\":[{\"@type\":\"SearchAction\",\"target\":\"https:\/\/pktss.com\/?s={search_term_string}\",\"query-input\":\"required name=search_term_string\"}],\"inLanguage\":\"en-US\"},{\"@type\":\"WebPage\",\"@id\":\"https:\/\/pktss.com\/?page_id=1261#webpage\",\"url\":\"https:\/\/pktss.com\/?page_id=1261\",\"name\":\"Kontakt | Srednja poslovno-komercijalna i trgova\\u010dka \\u0161kola Sarajevo\",\"isPartOf\":{\"@id\":\"https:\/\/pktss.com\/#website\"},\"datePublished\":\"2015-07-23T14:27:58+00:00\",\"dateModified\":\"2023-11-24T19:12:27+00:00\",\"inLanguage\":\"en-US\",\"potentialAction\":[{\"@type\":\"ReadAction\",\"target\":[\"https:\/\/pktss.com\/?page_id=1261\"]}]},{\"@type\":\"Place\",\"@id\":\"https:\/\/pktss.com\/?page_id=1261#local-place\",\"address\":{\"@type\":\"PostalAddress\",\"@id\":\"https:\/\/pktss.com\/?page_id=1261#local-place-address\",\"streetAddress\":\"\",\"addressLocality\":\"\",\"postalCode\":\"\",\"addressRegion\":\"\",\"addressCountry\":\"\"},\"geo\":{\"@type\":\"GeoCoordinates\",\"latitude\":\"\",\"longitude\":\"\"},\"openingHoursSpecification\":[{\"@type\":\"OpeningHoursSpecification\",\"dayOfWeek\":[\"Monday\",\"Tuesday\",\"Wednesday\",\"Thursday\",\"Friday\",\"Saturday\",\"Sunday\"],\"opens\":\"09:00\",\"closes\":\"17:00\"}]}]}<\/script>\n<!-- \/ Yoast SEO Premium plugin. -->","_links":{"self":[{"href":"https:\/\/pktss.com\/index.php?rest_route=\/wp\/v2\/pages\/1261"}],"collection":[{"href":"https:\/\/pktss.com\/index.php?rest_route=\/wp\/v2\/pages"}],"about":[{"href":"https:\/\/pktss.com\/index.php?rest_route=\/wp\/v2\/types\/page"}],"author":[{"embeddable":true,"href":"https:\/\/pktss.com\/index.php?rest_route=\/wp\/v2\/users\/3"}],"replies":[{"embeddable":true,"href":"https:\/\/pktss.com\/index.php?rest_route=%2Fwp%2Fv2%2Fcomments&post=1261"}],"version-history":[{"count":50,"href":"https:\/\/pktss.com\/index.php?rest_route=\/wp\/v2\/pages\/1261\/revisions"}],"predecessor-version":[{"id":9600,"href":"https:\/\/pktss.com\/index.php?rest_route=\/wp\/v2\/pages\/1261\/revisions\/9600"}],"wp:attachment":[{"href":"https:\/\/pktss.com\/index.php?rest_route=%2Fwp%2Fv2%2Fmedia&parent=1261"}],"wp:term":[{"taxonomy":"yst_prominent_words","embeddable":true,"href":"https:\/\/pktss.com\/index.php?rest_route=%2Fwp%2Fv2%2Fyst_prominent_words&post=1261"}],"curies":[{"name":"wp","href":"https:\/\/api.w.org\/{rel}","templated":true}]}}