{"id":1481,"date":"2015-07-31T08:14:19","date_gmt":"2015-07-31T08:14:19","guid":{"rendered":"http:\/\/medicine-plus.cmsmasters.net\/?page_id=1481"},"modified":"2019-01-06T13:02:51","modified_gmt":"2019-01-06T13:02:51","slug":"language-programs","status":"publish","type":"page","link":"https:\/\/pktss.com\/?page_id=1481","title":{"rendered":"Zanimanja"},"content":{"rendered":"<style type=\"text\/css\"> \n#cmsmasters_row_6a0950054c63d .cmsmasters_row_outer_parent { \n\tpadding-top: 70px; \n} \n\n#cmsmasters_row_6a0950054c63d .cmsmasters_row_outer_parent { \n\tpadding-bottom: 50px; \n} \n\n \n#cmsmasters_tabs_list_item_6a0950054cdef.current_tab:before { \n\tbackground-color:#f9be4d;\n} \n\n#cmsmasters_tabs_list_item_6a0950054d005.current_tab:before { \n\tbackground-color:#01a2a6;\n} \n\n#cmsmasters_tabs_list_item_6a0950054d1c9.current_tab:before { \n\tbackground-color:#169eb7;\n} \n\n#cmsmasters_button_6a0950054cba5 { \n\ttext-align:center; \n} \n\n#cmsmasters_button_6a0950054cba5 .cmsmasters_button:before { \n\tmargin-right:.5em; \n\tmargin-left:0; \n\tvertical-align:baseline; \n} \n\n#cmsmasters_button_6a0950054cba5 .cmsmasters_button { \n\tfont-weight:normal; \n\tfont-style:normal; \n\tborder-style:solid; \n\tbackground-color:#ffffff;\n\tcolor:#3d3d47;\n} \n#cmsmasters_button_6a0950054cba5 .cmsmasters_button:hover { \n\tcolor:#3d3d47;\n\tborder-color:#3d3d47;\n} \n\n#cmsmasters_button_6a0950054cee3 { \n\ttext-align:center; \n} \n\n#cmsmasters_button_6a0950054cee3 .cmsmasters_button:before { \n\tmargin-right:.5em; \n\tmargin-left:0; \n\tvertical-align:baseline; \n} \n\n#cmsmasters_button_6a0950054cee3 .cmsmasters_button { \n\tfont-weight:normal; \n\tfont-style:normal; \n\tborder-style:solid; \n\tbackground-color:#ffffff;\n\tcolor:#3d3d47;\n} \n#cmsmasters_button_6a0950054cee3 .cmsmasters_button:hover { \n\tcolor:#3d3d47;\n\tborder-color:#3d3d47;\n} \n\n#cmsmasters_button_6a0950054d0d3 { \n\ttext-align:center; \n} \n\n#cmsmasters_button_6a0950054d0d3 .cmsmasters_button:before { \n\tmargin-right:.5em; \n\tmargin-left:0; \n\tvertical-align:baseline; \n} \n\n#cmsmasters_button_6a0950054d0d3 .cmsmasters_button { \n\tfont-weight:normal; \n\tfont-style:normal; \n\tborder-style:solid; \n\tbackground-color:#ffffff;\n\tcolor:#3d3d47;\n} \n#cmsmasters_button_6a0950054d0d3 .cmsmasters_button:hover { \n\tcolor:#3d3d47;\n\tborder-color:#3d3d47;\n} \n\n#cmsmasters_button_6a0950054d298 { \n\ttext-align:center; \n} \n\n#cmsmasters_button_6a0950054d298 .cmsmasters_button:before { \n\tmargin-right:.5em; \n\tmargin-left:0; \n\tvertical-align:baseline; \n} \n\n#cmsmasters_button_6a0950054d298 .cmsmasters_button { \n\tfont-weight:normal; \n\tfont-style:normal; \n\tborder-style:solid; \n\tbackground-color:#ffffff;\n\tcolor:#3d3d47;\n} \n#cmsmasters_button_6a0950054d298 .cmsmasters_button:hover { \n\tcolor:#3d3d47;\n\tborder-color:#3d3d47;\n} \n \n#cmsmasters_row_6a0950054d335 .cmsmasters_row_outer_parent { \n\tpadding-top: 0px; \n} \n\n#cmsmasters_row_6a0950054d335 .cmsmasters_row_outer_parent { \n\tpadding-bottom: 0px; \n} \n\n#cmsmasters_row_6a0950054d335 .cmsmasters_row_inner.cmsmasters_row_fullwidth { \n\tpadding-left:0%; \n} \n#cmsmasters_row_6a0950054d335 .cmsmasters_row_inner.cmsmasters_row_fullwidth { \n\tpadding-right:0%; \n} \n \n#cmsmasters_divider_6a0950054d493 { \n\tborder-bottom-width:1px; \n\tborder-bottom-style:solid; \n\tpadding-top:0px; \n\tmargin-bottom:0px; \n} \n<\/style><div id=\"cmsmasters_row_6a0950054c63d\" class=\"cmsmasters_row cmsmasters_color_scheme_default cmsmasters_row_top_default cmsmasters_row_bot_default cmsmasters_row_boxed\">\n<div class=\"cmsmasters_row_outer_parent\">\n<div class=\"cmsmasters_row_outer\">\n<div class=\"cmsmasters_row_inner\">\n<div class=\"cmsmasters_row_margin\">\n<div class=\"cmsmasters_column one_first\">\n \n<div class=\"cmsmasters_tabs tabs_mode_tab\">\n<ul class=\"cmsmasters_tabs_list\">\n<li id=\"cmsmasters_tabs_list_item_6a0950054ca5c\" class=\"cmsmasters_tabs_list_item current_tab\">\n<a href=\"#\" class=\"cmsmasters-icon-graduation-cap-3\">\n<span>Poslovno-pravni tehni\u010dar<\/span>\n<\/a>\n<\/li><li id=\"cmsmasters_tabs_list_item_6a0950054cdef\" class=\"cmsmasters_tabs_list_item\">\n<a href=\"#\" class=\"cmsmasters-icon-graduation-cap\">\n<span>Komercijalni tehni\u010dar<\/span>\n<\/a>\n<\/li><li id=\"cmsmasters_tabs_list_item_6a0950054d005\" class=\"cmsmasters_tabs_list_item\">\n<a href=\"#\" class=\"cmsmasters-icon-graduation-cap-1\">\n<span>Aran\u017eer <\/span>\n<\/a>\n<\/li><li id=\"cmsmasters_tabs_list_item_6a0950054d1c9\" class=\"cmsmasters_tabs_list_item\">\n<a href=\"#\" class=\"cmsmasters-icon-graduation-cap-3\">\n<span>Trgovac<\/span>\n<\/a>\n<\/li><\/ul>\n<div class=\"cmsmasters_tabs_wrap\">\n<div id=\"cmsmasters_tab_6a0950054ca5c\" class=\"cmsmasters_tab active_tab\">\n<div class=\"cmsmasters_tab_inner\">\n<h4><a href=\"http:\/\/demo.language-school.cmsmasters.net\/wp-content\/uploads\/sites\/2\/2015\/07\/02-1.jpg\">Poslovno-pravni tehni\u010dar\u00a0(IV -stepen)<img loading=\"lazy\" decoding=\"async\" class=\"wp-image-7756 alignleft\" src=\"https:\/\/pktss.com\/wp-content\/uploads\/2019\/01\/ppt-1-300x225.jpg\" alt=\"\" width=\"295\" height=\"221\" srcset=\"https:\/\/pktss.com\/wp-content\/uploads\/2019\/01\/ppt-1-300x225.jpg 300w, https:\/\/pktss.com\/wp-content\/uploads\/2019\/01\/ppt-1.jpg 400w\" sizes=\"(max-width: 295px) 100vw, 295px\" \/><\/a><\/h4>\n<p>Poslovno-pravni tehni\u010dari su kancelarijski slu\u017ebenici koji rade administrativne poslove. U ve\u0107ini slu\u010dajeva to je kombinacija komunikacije s ljudima i obrade dokumenata. Obi\u010dno rade u stru\u010dnim organima uprave i lokalne samouprave.Posjeduje znanja iz preduzetni\u0161tva, menad\u017ementa, korespodencije,knjigovodstva, finansija i bankarstva.<\/p>\n<p>Predstavljaju preduze\u0107e ili ustanovu i doprinose boljem poslovnom uspjehu. Oni koji \u017eele napredovati nastavljaju \u0161kolovanje na pravnom fakultetu ili drugim fakultetima dru\u0161tvenih nauka. Prakti\u010dna nastava odvija se u savremeno opremljenim multimedijalnim kabinetima.<\/p>\n<p>U\u010denici se osposobljavaju za pra\u0107enje i usvajanje ekonomskih, poslovnih i pravnih znanja iz preduzetni\u0161tva, ra\u010dunovodstva, menad\u017ementa, finansija, bankarstva i poslovnog prava.<b>\u00a0<\/b>Obu\u010deni su za pra\u0107enje naprednog, elasti\u010dnog i visokokvalitetnog sistema\u00a0 obrazovanja i obuke.<\/p>\n<p>Tokom \u0161kolovanja ovog profila sti\u010de se op\u0161ta kultura i obrazovanje u\u010denjem vi\u0161e stranih jezika, rada na ra\u010dunaru (MS office, baze podataka, programski jezici i programiranje) i poslovne komunikacije.<\/p>\n\n<div id=\"cmsmasters_button_6a0950054cba5\" class=\"button_wrap\"><a href=\"https:\/\/pktss.com\/wp-content\/uploads\/2019\/01\/poslovno-pravni-tehnicar.pdf\" class=\"cmsmasters_button\"><span>Nastavni plan<\/span><\/a><\/div>\n<\/div>\n<\/div><div id=\"cmsmasters_tab_6a0950054cdef\" class=\"cmsmasters_tab\">\n<div class=\"cmsmasters_tab_inner\">\n<h4><a href=\"http:\/\/demo.language-school.cmsmasters.net\/wp-content\/uploads\/sites\/2\/2015\/12\/03.jpg\">Komercijalni tehni\u010dar (IV-stepen)<img loading=\"lazy\" decoding=\"async\" class=\" wp-image-7760 alignleft\" src=\"https:\/\/pktss.com\/wp-content\/uploads\/2019\/01\/tt-300x225.jpg\" alt=\"\" width=\"306\" height=\"230\" srcset=\"https:\/\/pktss.com\/wp-content\/uploads\/2019\/01\/tt-300x225.jpg 300w, https:\/\/pktss.com\/wp-content\/uploads\/2019\/01\/tt.jpg 400w\" sizes=\"(max-width: 306px) 100vw, 306px\" \/><\/a><\/h4>\n<p>Trgova\u010dki tehni\u010dari-komercijalisti poslije zavr\u0161ene \u0161kole obi\u010dno se zapo\u0161ljavaju u trgova\u010dkim\/privrednim preuze\u0107ima gdje obavljaju komercijalne poslove nabavke , prodaje, promocije, menad\u017ementa, istra\u017eivanja tr\u017ei\u0161ta, knjigovodstveno prate poslovanje trgova\u010dkog preduze\u0107a, izra\u0111uju kalkulacije cijena, te primjenjuju ste\u010dena znanja iz oblasti informacione tehnologije i kori\u0161tenja baze podataka.<\/p>\n<p>\u010cesto putuju i posje\u0107uju postoje\u0107e i nove kupce i dobavlja\u010de. Oni koji \u017eele napredovati nastavljaju \u0161kolovanje na ekonomskom i drugim srodnim fakultetima. Prakti\u010dna nastava se odr\u017eava u savremeno opremljenim kabinetima.<\/p>\n<p>&nbsp;<\/p>\n<p>Trgova\u010dki tehni\u010dari-komercijalisti putem modernog, fleksibilnog i visokokvalitetnog stru\u010dno-teorijskog i prakti\u010dnog sistema obrazovanja i obuke, kao i op\u0107ih i li\u010dnih kvalifikacija uspje\u0161no odgovara potrebama tr\u017ei\u0161ta rada. Na ovom smijeru u\u010denici sti\u010du znanja iz oblasti robne proizvodnje, funkcija novca, akumulacije, plasmana kapitala.<\/p>\n<p>Izborom zanimanja komercijalista, u\u010denici sti\u010du znanja o poslovima svih sektora i organizacionih oblika preduze\u0107a u okviru sljede\u0107ih u\u017ee stru\u010dnih predmeta: trgovina, ra\u010dunovodstvo u trgovini, organizacija nabavke i prodaje, spoljna trgovina, me\u0111unarodna \u0161pedicija, obuka u virtuelnom preduze\u0107u<\/p>\n\n<div id=\"cmsmasters_button_6a0950054cee3\" class=\"button_wrap\"><a href=\"https:\/\/pktss.com\/wp-content\/uploads\/2019\/01\/komercijalni-tehnicar.pdf\" class=\"cmsmasters_button\"><span>Nastavni plan<\/span><\/a><\/div>\n<\/div>\n<\/div><div id=\"cmsmasters_tab_6a0950054d005\" class=\"cmsmasters_tab\">\n<div class=\"cmsmasters_tab_inner\">\n<h4><a href=\"http:\/\/demo.language-school.cmsmasters.net\/wp-content\/uploads\/sites\/2\/2015\/12\/04.jpg\"><img loading=\"lazy\" decoding=\"async\" class=\"size-medium wp-image-7761 alignleft\" src=\"https:\/\/pktss.com\/wp-content\/uploads\/2019\/01\/aran\u017eer-300x225.jpg\" alt=\"\" width=\"300\" height=\"225\" srcset=\"https:\/\/pktss.com\/wp-content\/uploads\/2019\/01\/aran\u017eer-300x225.jpg 300w, https:\/\/pktss.com\/wp-content\/uploads\/2019\/01\/aran\u017eer.jpg 400w\" sizes=\"(max-width: 300px) 100vw, 300px\" \/>Aran\u017eer \/ VISUAL MERCHANDISER (IV-stepen)<\/a><\/h4>\n<p>Za Zanimanje ARAN\u017dER se danas koristi engleski naziv Vizual merchandiser \u0161to zna\u010di-onaj koji vizualnim tehnikama unapre\u0111uje prodaju. Aran\u017eer \/ Vizual merchandiser je stru\u010dnjak za osmi\u0161ljavanje na\u010dina da se izlo\u017eena roba dopadne kupcu.<\/p>\n<p>On je zadu\u017een za kompletan \u201clook\u201d trgovine, ure\u0111uje izloge na kreativan i privla\u010dan na\u010din i pravi raspored robe u trgova\u010dkom objektu kako bi postigao odre\u0111eni estetski efekat koji \u0107e unaprijediti prodaju. Ukoliko radi pri velikim trgovinskim lancima, mogu\u0107a su periodi\u010dna putovanja radi aran\u017eiranja izloga. Tokom obrazovanja aran\u017eer sti\u010de znanje iz dva podru\u010dja: ekonomije i umjetnosti tako da mu se po zavr\u0161etku \u0161kolovanja otvara vi\u0161e mogu\u0107nosti pri odabiru fakulteta.<\/p>\n<p>U\u010denici se obu\u010davaju da se profesionalno bave ure\u0111enjem izloga, interijera i eksterijera, kao i postavljanjem scenografije u pozori\u0161tu,TV emisijama, modnim revijama i sajmovima.<\/p>\n\n<div id=\"cmsmasters_button_6a0950054d0d3\" class=\"button_wrap\"><a href=\"https:\/\/pktss.com\/wp-content\/uploads\/2019\/01\/Aranzer.pdf\" class=\"cmsmasters_button\"><span>Nastavni\u00a0 plan<\/span><\/a><\/div>\n<\/div>\n<\/div><div id=\"cmsmasters_tab_6a0950054d1c9\" class=\"cmsmasters_tab\">\n<div class=\"cmsmasters_tab_inner\">\n<p>&nbsp;<\/p>\n<h4><img loading=\"lazy\" decoding=\"async\" class=\"wp-image-7819 alignleft\" src=\"https:\/\/pktss.com\/wp-content\/uploads\/2019\/01\/trgovac-1-300x200.jpg\" alt=\"\" width=\"292\" height=\"195\" srcset=\"https:\/\/pktss.com\/wp-content\/uploads\/2019\/01\/trgovac-1-300x200.jpg 300w, https:\/\/pktss.com\/wp-content\/uploads\/2019\/01\/trgovac-1.jpg 412w\" sizes=\"(max-width: 292px) 100vw, 292px\" \/>Trgovac ( III stepen)<\/h4>\n<p>Trgovci su zaposleni na svim mjestima gdje se prodaje roba.Trgovac nastoji prije svega zainteresirati kupca za proizvode koje prodaje. Osim \u0161to poslu\u017euju kupce trgovci preuzimaju, pregledavaju i razvrstavaju robu, samostalno izra\u0111uju kalkulacije cijena, bave se blagajni\u010dkim poslovima, inventarisanjem, skladi\u0161tenjem i transportom robe, sti\u010du vje\u0161tine iz oblasti informatike i kori\u0161tenja MS Office aplikacija.<\/p>\n<p>Trgovac sti\u010de teorijske, prakti\u010dne, op\u0107e i li\u010dne kvalifikacije iz oblasti trgovine. Prakti\u010dno primjenjuje ste\u010dena znanja i na taj na\u010din ja\u010da vezu izme\u0111u tr\u017ei\u0161ta rada i obrazovnog sistema.<\/p>\n<p>&nbsp;<\/p>\n\n<div id=\"cmsmasters_button_6a0950054d298\" class=\"button_wrap\"><a href=\"https:\/\/pktss.com\/wp-content\/uploads\/2019\/01\/trgovac.pdf\" class=\"cmsmasters_button\"><span>Nastavni plan<\/span><\/a><\/div>\n<\/div>\n<\/div><\/div>\n<\/div>\n<\/div>\n<\/div>\n<\/div>\n<\/div>\n<\/div>\n<\/div>\n<div id=\"cmsmasters_row_6a0950054d335\" class=\"cmsmasters_row cmsmasters_color_scheme_default cmsmasters_row_top_default cmsmasters_row_bot_default cmsmasters_row_fullwidth\">\n<div class=\"cmsmasters_row_outer_parent\">\n<div class=\"cmsmasters_row_outer\">\n<div class=\"cmsmasters_row_inner cmsmasters_row_fullwidth\">\n<div class=\"cmsmasters_row_margin\">\n<div class=\"cmsmasters_column one_first\">\n\n<div id=\"cmsmasters_divider_6a0950054d493\" class=\"cmsmasters_divider cmsmasters_divider_width_long cmsmasters_divider_pos_center\"><\/div>\n<\/div>\n<\/div>\n<\/div>\n<\/div>\n<\/div>\n<\/div>\n\n","protected":false},"excerpt":{"rendered":"","protected":false},"author":3,"featured_media":0,"parent":0,"menu_order":0,"comment_status":"closed","ping_status":"open","template":"","meta":{"loftloader_page_shortcode":"","footnotes":""},"yst_prominent_words":[],"yoast_head":"<!-- This site is optimized with the Yoast SEO Premium plugin v14.4.1 - https:\/\/yoast.com\/wordpress\/plugins\/seo\/ -->\n<title>Zanimanja | Srednja poslovno-komercijalna i trgova\u010dka \u0161kola Sarajevo<\/title>\n<meta name=\"robots\" content=\"index, follow\" \/>\n<meta name=\"googlebot\" content=\"index, follow, max-snippet:-1, max-image-preview:large, max-video-preview:-1\" \/>\n<meta name=\"bingbot\" content=\"index, follow, max-snippet:-1, max-image-preview:large, max-video-preview:-1\" \/>\n<link rel=\"canonical\" href=\"https:\/\/pktss.com\/?page_id=1481\" \/>\n<meta property=\"og:locale\" content=\"en_US\" \/>\n<meta property=\"og:type\" content=\"article\" \/>\n<meta property=\"og:title\" content=\"Zanimanja | Srednja poslovno-komercijalna i trgova\u010dka \u0161kola Sarajevo\" \/>\n<meta property=\"og:url\" content=\"https:\/\/pktss.com\/?page_id=1481\" \/>\n<meta property=\"og:site_name\" content=\"Srednja poslovno-komercijalna i trgova\u010dka \u0161kola Sarajevo\" \/>\n<meta property=\"article:publisher\" content=\"https:\/\/www.facebook.com\/pages\/category\/High-School\/JU-Srednja-poslovno-komercijalna-i-trgova%c4%8dka-%c5%a1kola-757508807718194\/\" \/>\n<meta property=\"article:modified_time\" content=\"2019-01-06T13:02:51+00:00\" \/>\n<meta property=\"og:image\" content=\"https:\/\/pktss.com\/wp-content\/uploads\/2019\/01\/ppt-1-300x225.jpg\" \/>\n<meta name=\"twitter:card\" content=\"summary_large_image\" \/>\n<script type=\"application\/ld+json\" class=\"yoast-schema-graph\">{\"@context\":\"https:\/\/schema.org\",\"@graph\":[{\"@type\":[\"Organization\",\"Place\"],\"@id\":\"https:\/\/pktss.com\/#organization\",\"name\":\"JU Srednja poslovno-komercijalna i trgova\\u010dka \\u0161kola Sarajevo\",\"url\":\"https:\/\/pktss.com\/\",\"sameAs\":[\"https:\/\/www.facebook.com\/pages\/category\/High-School\/JU-Srednja-poslovno-komercijalna-i-trgova\\u010dka-\\u0161kola-757508807718194\/\"],\"logo\":{\"@type\":\"ImageObject\",\"@id\":\"https:\/\/pktss.com\/#logo\",\"inLanguage\":\"en-US\",\"url\":\"https:\/\/pktss.com\/wp-content\/uploads\/2020\/06\/logo.png\",\"width\":350,\"height\":56,\"caption\":\"JU Srednja poslovno-komercijalna i trgova\\u010dka \\u0161kola Sarajevo\"},\"image\":{\"@id\":\"https:\/\/pktss.com\/#logo\"},\"location\":{\"@id\":\"https:\/\/pktss.com\/?page_id=1481#local-place\"},\"address\":{\"@id\":\"https:\/\/pktss.com\/?page_id=1481#local-place-address\"}},{\"@type\":\"WebSite\",\"@id\":\"https:\/\/pktss.com\/#website\",\"url\":\"https:\/\/pktss.com\/\",\"name\":\"Srednja poslovno-komercijalna i trgova\\u010dka \\u0161kola Sarajevo\",\"description\":\"Srednja \\u0161kola\",\"publisher\":{\"@id\":\"https:\/\/pktss.com\/#organization\"},\"potentialAction\":[{\"@type\":\"SearchAction\",\"target\":\"https:\/\/pktss.com\/?s={search_term_string}\",\"query-input\":\"required name=search_term_string\"}],\"inLanguage\":\"en-US\"},{\"@type\":\"ImageObject\",\"@id\":\"https:\/\/pktss.com\/?page_id=1481#primaryimage\",\"inLanguage\":\"en-US\",\"url\":\"https:\/\/pktss.com\/wp-content\/uploads\/2019\/01\/ppt-1.jpg\",\"width\":400,\"height\":300},{\"@type\":\"WebPage\",\"@id\":\"https:\/\/pktss.com\/?page_id=1481#webpage\",\"url\":\"https:\/\/pktss.com\/?page_id=1481\",\"name\":\"Zanimanja | Srednja poslovno-komercijalna i trgova\\u010dka \\u0161kola Sarajevo\",\"isPartOf\":{\"@id\":\"https:\/\/pktss.com\/#website\"},\"primaryImageOfPage\":{\"@id\":\"https:\/\/pktss.com\/?page_id=1481#primaryimage\"},\"datePublished\":\"2015-07-31T08:14:19+00:00\",\"dateModified\":\"2019-01-06T13:02:51+00:00\",\"inLanguage\":\"en-US\",\"potentialAction\":[{\"@type\":\"ReadAction\",\"target\":[\"https:\/\/pktss.com\/?page_id=1481\"]}]},{\"@type\":\"Place\",\"@id\":\"https:\/\/pktss.com\/?page_id=1481#local-place\",\"address\":{\"@type\":\"PostalAddress\",\"@id\":\"https:\/\/pktss.com\/?page_id=1481#local-place-address\",\"streetAddress\":\"\",\"addressLocality\":\"\",\"postalCode\":\"\",\"addressRegion\":\"\",\"addressCountry\":\"\"},\"geo\":{\"@type\":\"GeoCoordinates\",\"latitude\":\"\",\"longitude\":\"\"},\"openingHoursSpecification\":[{\"@type\":\"OpeningHoursSpecification\",\"dayOfWeek\":[\"Monday\",\"Tuesday\",\"Wednesday\",\"Thursday\",\"Friday\",\"Saturday\",\"Sunday\"],\"opens\":\"09:00\",\"closes\":\"17:00\"}]}]}<\/script>\n<!-- \/ Yoast SEO Premium plugin. -->","_links":{"self":[{"href":"https:\/\/pktss.com\/index.php?rest_route=\/wp\/v2\/pages\/1481"}],"collection":[{"href":"https:\/\/pktss.com\/index.php?rest_route=\/wp\/v2\/pages"}],"about":[{"href":"https:\/\/pktss.com\/index.php?rest_route=\/wp\/v2\/types\/page"}],"author":[{"embeddable":true,"href":"https:\/\/pktss.com\/index.php?rest_route=\/wp\/v2\/users\/3"}],"replies":[{"embeddable":true,"href":"https:\/\/pktss.com\/index.php?rest_route=%2Fwp%2Fv2%2Fcomments&post=1481"}],"version-history":[{"count":29,"href":"https:\/\/pktss.com\/index.php?rest_route=\/wp\/v2\/pages\/1481\/revisions"}],"predecessor-version":[{"id":7822,"href":"https:\/\/pktss.com\/index.php?rest_route=\/wp\/v2\/pages\/1481\/revisions\/7822"}],"wp:attachment":[{"href":"https:\/\/pktss.com\/index.php?rest_route=%2Fwp%2Fv2%2Fmedia&parent=1481"}],"wp:term":[{"taxonomy":"yst_prominent_words","embeddable":true,"href":"https:\/\/pktss.com\/index.php?rest_route=%2Fwp%2Fv2%2Fyst_prominent_words&post=1481"}],"curies":[{"name":"wp","href":"https:\/\/api.w.org\/{rel}","templated":true}]}}