{"id":7876,"date":"2019-01-07T09:19:53","date_gmt":"2019-01-07T09:19:53","guid":{"rendered":"https:\/\/pktss.com\/?page_id=7876"},"modified":"2019-01-07T09:20:42","modified_gmt":"2019-01-07T09:20:42","slug":"rijec-direktorice","status":"publish","type":"page","link":"https:\/\/pktss.com\/?page_id=7876","title":{"rendered":"Rije\u010d direktorice"},"content":{"rendered":"<style type=\"text\/css\"> \n#cmsmasters_row_69d7a7d878498 .cmsmasters_row_outer_parent { \n\tpadding-top: 0px; \n} \n\n#cmsmasters_row_69d7a7d878498 .cmsmasters_row_outer_parent { \n\tpadding-bottom: 50px; \n} \n\n \n#cmsmasters_row_69d7a7d87866d .cmsmasters_row_outer_parent { \n\tpadding-top: 0px; \n} \n\n#cmsmasters_row_69d7a7d87866d .cmsmasters_row_outer_parent { \n\tpadding-bottom: 50px; \n} \n\n<\/style><div id=\"cmsmasters_row_69d7a7d878498\" class=\"cmsmasters_row cmsmasters_color_scheme_default cmsmasters_row_top_default cmsmasters_row_bot_default cmsmasters_row_boxed\">\n<div class=\"cmsmasters_row_outer_parent\">\n<div class=\"cmsmasters_row_outer\">\n<div class=\"cmsmasters_row_inner\">\n<div class=\"cmsmasters_row_margin\">\n<div class=\"cmsmasters_column one_first\">\n<\/div>\n<\/div>\n<\/div>\n<\/div>\n<\/div>\n<\/div>\n<div id=\"cmsmasters_row_69d7a7d87866d\" class=\"cmsmasters_row cmsmasters_color_scheme_default cmsmasters_row_top_default cmsmasters_row_bot_default cmsmasters_row_boxed\">\n<div class=\"cmsmasters_row_outer_parent\">\n<div class=\"cmsmasters_row_outer\">\n<div class=\"cmsmasters_row_inner\">\n<div class=\"cmsmasters_row_margin\">\n<div class=\"cmsmasters_column one_first\">\n<div class=\"cmsmasters_text\">\n<p>Dragi u\u010denici i po\u0161tovani roditelji,<\/p>\n<p>Mogu\u0107nost da se sti\u010du nova znanja i vje\u0161tine i prelazak s jedne na drugu profesiju su nove mjere kvalifikacije za skoro sve tokove \u017eivota.<br \/>\nTo je razlog \u0161to smo\u00a0<strong>od \u0161kolske 2008\/09. godine u na\u0161oj \u0160koli\u00a0 primijenili nove EU VET II NPP po modularnom sistemu obrazovanja.\u00a0<\/strong>Lisabonskim i Kopenha\u0161kim deklaracijama 2000. i 2002. godine Evropska unija je pokrenula desetogodi\u0161nju strategiju koja za cilj ima da EU postane najdinami\u010dnija i najkonkurentnija ekonomija u svijetu, zasnovana na znanju. Evropska strategija se zasniva na mogu\u0107nosti zapo\u0161ljavanja, prilagodljivosti, poduzetni\u0161tvu i jednakim mogu\u0107nostima.<\/p>\n<p>\u017delimo li biti dijelom Evrope, moramo uskla\u0111ivati svoj razvoj sa strate\u0161kim ciljevima EU i u oblasti srednjeg obrazovanja.\u00a0<strong>EU VET<\/strong>\u00a0Program je akronim od\u00a0<strong>EU<\/strong>\u00a0\u2013 Europska unija i\u00a0<strong>VET<\/strong>\u00a0\u2013 stru\u010dno obrazovanje i obuka (Vocational Education and Training ).<\/p>\n<p>Dosada\u0161nja iskustva iz implementacije projekta Phare VET programa pokazala su sljede\u0107e prednosti modularnih nastavnih planova i programa u odnosu na tradicionalne: kratke, zaokru\u017eene cjeline koje obezbje\u0111uju motivaciju, fleksibilni su, prenosivi su,u liniji su sa mnogim evropskim stru\u010dnim programima,dozvoljavaju ponovno uklju\u010divanje u \u0161kolovanje, omogu\u0107uju integraciju i veze me\u0111u nastavnim planovima i programima, omogu\u0107uju raznolikost na\u010dina i tehnika ocjenjivanja, omogu\u0107uju obuku izvan \u0161kole, u\u010denje je zasnovano na razvijanju sposobnosti, omogu\u0107uju dobijanje potvrda za ste\u010denu obuku, omogu\u0107uju stalni razvoj nastavnih planova i programa i brzo reagovanje na promjene u dru\u0161tvu i tehnologiji, promoviraju ideju u\u010denja kroz cijeli \u017eivot.<\/p>\n<p>&nbsp;<\/p>\n<p>Direktorica<\/p>\n<p>Kanita Selmanovi\u0107-Kulo, prof.<\/p>\n<\/div>\n<\/div>\n<\/div>\n<\/div>\n<\/div>\n<\/div>\n<\/div>\n\n","protected":false},"excerpt":{"rendered":"","protected":false},"author":1,"featured_media":0,"parent":0,"menu_order":0,"comment_status":"closed","ping_status":"closed","template":"","meta":{"loftloader_page_shortcode":"","footnotes":""},"yst_prominent_words":[154,366,83,57,79,156,182,152,112,151,73,97],"yoast_head":"<!-- This site is optimized with the Yoast SEO Premium plugin v14.4.1 - https:\/\/yoast.com\/wordpress\/plugins\/seo\/ -->\n<title>Rije\u010d direktorice | Srednja poslovno-komercijalna i trgova\u010dka \u0161kola Sarajevo<\/title>\n<meta name=\"robots\" content=\"index, follow\" \/>\n<meta name=\"googlebot\" content=\"index, follow, max-snippet:-1, max-image-preview:large, max-video-preview:-1\" \/>\n<meta name=\"bingbot\" content=\"index, follow, max-snippet:-1, max-image-preview:large, max-video-preview:-1\" \/>\n<link rel=\"canonical\" href=\"https:\/\/pktss.com\/?page_id=7876\" \/>\n<meta property=\"og:locale\" content=\"en_US\" \/>\n<meta property=\"og:type\" content=\"article\" \/>\n<meta property=\"og:title\" content=\"Rije\u010d direktorice | Srednja poslovno-komercijalna i trgova\u010dka \u0161kola Sarajevo\" \/>\n<meta property=\"og:url\" content=\"https:\/\/pktss.com\/?page_id=7876\" \/>\n<meta property=\"og:site_name\" content=\"Srednja poslovno-komercijalna i trgova\u010dka \u0161kola Sarajevo\" \/>\n<meta property=\"article:publisher\" content=\"https:\/\/www.facebook.com\/pages\/category\/High-School\/JU-Srednja-poslovno-komercijalna-i-trgova%c4%8dka-%c5%a1kola-757508807718194\/\" \/>\n<meta property=\"article:modified_time\" content=\"2019-01-07T09:20:42+00:00\" \/>\n<meta name=\"twitter:card\" content=\"summary_large_image\" \/>\n<script type=\"application\/ld+json\" class=\"yoast-schema-graph\">{\"@context\":\"https:\/\/schema.org\",\"@graph\":[{\"@type\":[\"Organization\",\"Place\"],\"@id\":\"https:\/\/pktss.com\/#organization\",\"name\":\"JU Srednja poslovno-komercijalna i trgova\\u010dka \\u0161kola Sarajevo\",\"url\":\"https:\/\/pktss.com\/\",\"sameAs\":[\"https:\/\/www.facebook.com\/pages\/category\/High-School\/JU-Srednja-poslovno-komercijalna-i-trgova\\u010dka-\\u0161kola-757508807718194\/\"],\"logo\":{\"@type\":\"ImageObject\",\"@id\":\"https:\/\/pktss.com\/#logo\",\"inLanguage\":\"en-US\",\"url\":\"https:\/\/pktss.com\/wp-content\/uploads\/2020\/06\/logo.png\",\"width\":350,\"height\":56,\"caption\":\"JU Srednja poslovno-komercijalna i trgova\\u010dka \\u0161kola Sarajevo\"},\"image\":{\"@id\":\"https:\/\/pktss.com\/#logo\"},\"location\":{\"@id\":\"https:\/\/pktss.com\/?page_id=7876#local-place\"},\"address\":{\"@id\":\"https:\/\/pktss.com\/?page_id=7876#local-place-address\"}},{\"@type\":\"WebSite\",\"@id\":\"https:\/\/pktss.com\/#website\",\"url\":\"https:\/\/pktss.com\/\",\"name\":\"Srednja poslovno-komercijalna i trgova\\u010dka \\u0161kola Sarajevo\",\"description\":\"Srednja \\u0161kola\",\"publisher\":{\"@id\":\"https:\/\/pktss.com\/#organization\"},\"potentialAction\":[{\"@type\":\"SearchAction\",\"target\":\"https:\/\/pktss.com\/?s={search_term_string}\",\"query-input\":\"required name=search_term_string\"}],\"inLanguage\":\"en-US\"},{\"@type\":\"WebPage\",\"@id\":\"https:\/\/pktss.com\/?page_id=7876#webpage\",\"url\":\"https:\/\/pktss.com\/?page_id=7876\",\"name\":\"Rije\\u010d direktorice | Srednja poslovno-komercijalna i trgova\\u010dka \\u0161kola Sarajevo\",\"isPartOf\":{\"@id\":\"https:\/\/pktss.com\/#website\"},\"datePublished\":\"2019-01-07T09:19:53+00:00\",\"dateModified\":\"2019-01-07T09:20:42+00:00\",\"inLanguage\":\"en-US\",\"potentialAction\":[{\"@type\":\"ReadAction\",\"target\":[\"https:\/\/pktss.com\/?page_id=7876\"]}]},{\"@type\":\"Place\",\"@id\":\"https:\/\/pktss.com\/?page_id=7876#local-place\",\"address\":{\"@type\":\"PostalAddress\",\"@id\":\"https:\/\/pktss.com\/?page_id=7876#local-place-address\",\"streetAddress\":\"\",\"addressLocality\":\"\",\"postalCode\":\"\",\"addressRegion\":\"\",\"addressCountry\":\"\"},\"geo\":{\"@type\":\"GeoCoordinates\",\"latitude\":\"\",\"longitude\":\"\"},\"openingHoursSpecification\":[{\"@type\":\"OpeningHoursSpecification\",\"dayOfWeek\":[\"Monday\",\"Tuesday\",\"Wednesday\",\"Thursday\",\"Friday\",\"Saturday\",\"Sunday\"],\"opens\":\"09:00\",\"closes\":\"17:00\"}]}]}<\/script>\n<!-- \/ Yoast SEO Premium plugin. -->","_links":{"self":[{"href":"https:\/\/pktss.com\/index.php?rest_route=\/wp\/v2\/pages\/7876"}],"collection":[{"href":"https:\/\/pktss.com\/index.php?rest_route=\/wp\/v2\/pages"}],"about":[{"href":"https:\/\/pktss.com\/index.php?rest_route=\/wp\/v2\/types\/page"}],"author":[{"embeddable":true,"href":"https:\/\/pktss.com\/index.php?rest_route=\/wp\/v2\/users\/1"}],"replies":[{"embeddable":true,"href":"https:\/\/pktss.com\/index.php?rest_route=%2Fwp%2Fv2%2Fcomments&post=7876"}],"version-history":[{"count":2,"href":"https:\/\/pktss.com\/index.php?rest_route=\/wp\/v2\/pages\/7876\/revisions"}],"predecessor-version":[{"id":7878,"href":"https:\/\/pktss.com\/index.php?rest_route=\/wp\/v2\/pages\/7876\/revisions\/7878"}],"wp:attachment":[{"href":"https:\/\/pktss.com\/index.php?rest_route=%2Fwp%2Fv2%2Fmedia&parent=7876"}],"wp:term":[{"taxonomy":"yst_prominent_words","embeddable":true,"href":"https:\/\/pktss.com\/index.php?rest_route=%2Fwp%2Fv2%2Fyst_prominent_words&post=7876"}],"curies":[{"name":"wp","href":"https:\/\/api.w.org\/{rel}","templated":true}]}}