{"id":8043,"date":"2019-01-07T15:44:19","date_gmt":"2019-01-07T15:44:19","guid":{"rendered":"https:\/\/pktss.com\/?page_id=8043"},"modified":"2019-01-07T15:44:19","modified_gmt":"2019-01-07T15:44:19","slug":"obavjestenja-za-roditelje","status":"publish","type":"page","link":"https:\/\/pktss.com\/?page_id=8043","title":{"rendered":"Obavje\u0161tenja za roditelje"},"content":{"rendered":"<style type=\"text\/css\"> \n#cmsmasters_row_69f2aab4d93af .cmsmasters_row_outer_parent { \n\tpadding-top: 0px; \n} \n\n#cmsmasters_row_69f2aab4d93af .cmsmasters_row_outer_parent { \n\tpadding-bottom: 50px; \n} \n\n<\/style><div id=\"cmsmasters_row_69f2aab4d93af\" class=\"cmsmasters_row cmsmasters_color_scheme_default cmsmasters_row_top_default cmsmasters_row_bot_default cmsmasters_row_boxed\">\n<div class=\"cmsmasters_row_outer_parent\">\n<div class=\"cmsmasters_row_outer\">\n<div class=\"cmsmasters_row_inner\">\n<div class=\"cmsmasters_row_margin\">\n<div class=\"cmsmasters_column one_first\">\n<div class=\"cmsmasters_wrap_blog entry-summary\" id=\"blog_69f2aab4d962b\"><div class=\"blog standard\">\r\n<!--_________________________ Start Standard Article _________________________ -->\r\n\r\n<article id=\"post-9309\" class=\"cmsmasters_default_type post-9309 post type-post status-publish format-standard hentry category-roditeljski_sastanak category-vijece_roditelja\">\r\n\t<span class=\"cmsmasters_post_date\"><abbr class=\"published\" title=\"February 17, 2022\"><span class=\"cmsmasters_day\">17<\/span><span class=\"cmsmasters_mon\">Feb<\/span><\/abbr><abbr class=\"dn date updated\" title=\"February 17, 2022\">February 17, 2022<\/abbr><\/span>\t<div class=\"cmsmasters_post_cont\">\r\n\t<header class=\"cmsmasters_post_header entry-header\"><h2 class=\"cmsmasters_post_title entry-title\"><a href=\"https:\/\/pktss.com\/?p=9309\">Vije\u0107e roditelja<\/a><\/h2><\/header><footer class=\"cmsmasters_post_footer entry-meta\"><a class=\"cmsmasters_post_read_more\" href=\"https:\/\/pktss.com\/?p=9309\">Read More<\/a><\/footer><div class=\"cmsmasters_post_cont_info entry-meta\"><div class=\"cmsmasters_post_meta_info\"><a class=\"cmsmasters_post_comments cmsmasters_theme_icon_comment\" href=\"https:\/\/pktss.com\/?p=9309#respond\" title=\"Comment on Vije\u0107e roditelja\"><span>0<\/span><\/a><a href=\"#\" onclick=\"cmsmastersLike(9309); return false;\" id=\"cmsmastersLike-9309\" class=\"cmsmastersLike cmsmasters_theme_icon_like\"><span>0<\/span><\/a><\/div><span class=\"cmsmasters_post_user_name\">by <a href=\"https:\/\/pktss.com\/?author=1\" title=\"Posts by admin\" class=\"vcard author\"><span class=\"fn\" rel=\"author\">admin<\/span><\/a><\/span><span class=\"cmsmasters_post_category\">in <a href=\"https:\/\/pktss.com\/?cat=42\" class=\"cmsmasters_cat_color cmsmasters_cat_42\" rel=\"category tag\">Roditeljski sastanak<\/a>, <a href=\"https:\/\/pktss.com\/?cat=41\" class=\"cmsmasters_cat_color cmsmasters_cat_41\" rel=\"category tag\">Vije\u0107e roditelja<\/a><\/span><\/div>\t<\/div>\r\n<\/article>\r\n<!--_________________________ Finish Standard Article _________________________ -->\r\n\r\n\r\n<!--_________________________ Start Standard Article _________________________ -->\r\n\r\n<article id=\"post-9303\" class=\"cmsmasters_default_type post-9303 post type-post status-publish format-standard hentry category-roditeljski_sastanak\">\r\n\t<span class=\"cmsmasters_post_date\"><abbr class=\"published\" title=\"February 17, 2022\"><span class=\"cmsmasters_day\">17<\/span><span class=\"cmsmasters_mon\">Feb<\/span><\/abbr><abbr class=\"dn date updated\" title=\"February 17, 2022\">February 17, 2022<\/abbr><\/span>\t<div class=\"cmsmasters_post_cont\">\r\n\t<header class=\"cmsmasters_post_header entry-header\"><h2 class=\"cmsmasters_post_title entry-title\"><a href=\"https:\/\/pktss.com\/?p=9303\">Roditeljski sastanak<\/a><\/h2><\/header><footer class=\"cmsmasters_post_footer entry-meta\"><a class=\"cmsmasters_post_read_more\" href=\"https:\/\/pktss.com\/?p=9303\">Read More<\/a><\/footer><div class=\"cmsmasters_post_cont_info entry-meta\"><div class=\"cmsmasters_post_meta_info\"><a class=\"cmsmasters_post_comments cmsmasters_theme_icon_comment\" href=\"https:\/\/pktss.com\/?p=9303#respond\" title=\"Comment on Roditeljski sastanak\"><span>0<\/span><\/a><a href=\"#\" onclick=\"cmsmastersLike(9303); return false;\" id=\"cmsmastersLike-9303\" class=\"cmsmastersLike cmsmasters_theme_icon_like\"><span>0<\/span><\/a><\/div><span class=\"cmsmasters_post_user_name\">by <a href=\"https:\/\/pktss.com\/?author=1\" title=\"Posts by admin\" class=\"vcard author\"><span class=\"fn\" rel=\"author\">admin<\/span><\/a><\/span><span class=\"cmsmasters_post_category\">in <a href=\"https:\/\/pktss.com\/?cat=42\" class=\"cmsmasters_cat_color cmsmasters_cat_42\" rel=\"category tag\">Roditeljski sastanak<\/a><\/span><\/div>\t<\/div>\r\n<\/article>\r\n<!--_________________________ Finish Standard Article _________________________ -->\r\n\r\n\r\n<!--_________________________ Start Standard Article _________________________ -->\r\n\r\n<article id=\"post-8542\" class=\"cmsmasters_default_type post-8542 post type-post status-publish format-standard hentry category-za_ucenike category-roditeljski_sastanak\">\r\n\t<span class=\"cmsmasters_post_date\"><abbr class=\"published\" title=\"January 17, 2020\"><span class=\"cmsmasters_day\">17<\/span><span class=\"cmsmasters_mon\">Jan<\/span><\/abbr><abbr class=\"dn date updated\" title=\"January 17, 2020\">January 17, 2020<\/abbr><\/span>\t<div class=\"cmsmasters_post_cont\">\r\n\t<header class=\"cmsmasters_post_header entry-header\"><h2 class=\"cmsmasters_post_title entry-title\"><a href=\"https:\/\/pktss.com\/?p=8542\">Roditeljski sastanak<\/a><\/h2><\/header><div class=\"cmsmasters_post_content entry-content\">\n<p>ODLUKA O REALIZACIJI RODITELJSKOG SASTANKA Obavje\u0161tavaju se roditelji i u\u010denici da je odlukom Nastavni\u010dkog vije\u0107a zbog nemogu\u0107nosti izdavanja Uvjerenja o...<\/p>\n<\/div>\n<footer class=\"cmsmasters_post_footer entry-meta\"><a class=\"cmsmasters_post_read_more\" href=\"https:\/\/pktss.com\/?p=8542\">Read More<\/a><\/footer><div class=\"cmsmasters_post_cont_info entry-meta\"><div class=\"cmsmasters_post_meta_info\"><a class=\"cmsmasters_post_comments cmsmasters_theme_icon_comment\" href=\"https:\/\/pktss.com\/?p=8542#respond\" title=\"Comment on Roditeljski sastanak\"><span>0<\/span><\/a><a href=\"#\" onclick=\"cmsmastersLike(8542); return false;\" id=\"cmsmastersLike-8542\" class=\"cmsmastersLike cmsmasters_theme_icon_like\"><span>0<\/span><\/a><\/div><span class=\"cmsmasters_post_user_name\">by <a href=\"https:\/\/pktss.com\/?author=1\" title=\"Posts by admin\" class=\"vcard author\"><span class=\"fn\" rel=\"author\">admin<\/span><\/a><\/span><span class=\"cmsmasters_post_category\">in <a href=\"https:\/\/pktss.com\/?cat=37\" class=\"cmsmasters_cat_color cmsmasters_cat_37\" rel=\"category tag\">Obavje\u0161tenja<\/a>, <a href=\"https:\/\/pktss.com\/?cat=42\" class=\"cmsmasters_cat_color cmsmasters_cat_42\" rel=\"category tag\">Roditeljski sastanak<\/a><\/span><\/div>\t<\/div>\r\n<\/article>\r\n<!--_________________________ Finish Standard Article _________________________ -->\r\n\r\n\r\n<!--_________________________ Start Standard Article _________________________ -->\r\n\r\n<article id=\"post-8088\" class=\"cmsmasters_default_type post-8088 post type-post status-publish format-standard hentry category-roditeljski_sastanak\">\r\n\t<span class=\"cmsmasters_post_date\"><abbr class=\"published\" title=\"January 9, 2019\"><span class=\"cmsmasters_day\">9<\/span><span class=\"cmsmasters_mon\">Jan<\/span><\/abbr><abbr class=\"dn date updated\" title=\"January 9, 2019\">January 9, 2019<\/abbr><\/span>\t<div class=\"cmsmasters_post_cont\">\r\n\t<header class=\"cmsmasters_post_header entry-header\"><h2 class=\"cmsmasters_post_title entry-title\"><a href=\"https:\/\/pktss.com\/?p=8088\">Roditeljski sastanak<\/a><\/h2><\/header><div class=\"cmsmasters_post_content entry-content\">\n<p>Po\u0161tovani roditelji, roditeljski sastanak \u0107e se odr\u017eati 11. 1. 2019. godine s po\u010detkom u 12.00 sati.<\/p>\n<\/div>\n<footer class=\"cmsmasters_post_footer entry-meta\"><a class=\"cmsmasters_post_read_more\" href=\"https:\/\/pktss.com\/?p=8088\">Read More<\/a><\/footer><div class=\"cmsmasters_post_cont_info entry-meta\"><div class=\"cmsmasters_post_meta_info\"><a class=\"cmsmasters_post_comments cmsmasters_theme_icon_comment\" href=\"https:\/\/pktss.com\/?p=8088#respond\" title=\"Comment on Roditeljski sastanak\"><span>0<\/span><\/a><a href=\"#\" onclick=\"cmsmastersLike(8088); return false;\" id=\"cmsmastersLike-8088\" class=\"cmsmastersLike cmsmasters_theme_icon_like\"><span>0<\/span><\/a><\/div><span class=\"cmsmasters_post_user_name\">by <a href=\"https:\/\/pktss.com\/?author=1\" title=\"Posts by admin\" class=\"vcard author\"><span class=\"fn\" rel=\"author\">admin<\/span><\/a><\/span><span class=\"cmsmasters_post_category\">in <a href=\"https:\/\/pktss.com\/?cat=42\" class=\"cmsmasters_cat_color cmsmasters_cat_42\" rel=\"category tag\">Roditeljski sastanak<\/a><\/span><\/div>\t<\/div>\r\n<\/article>\r\n<!--_________________________ Finish Standard Article _________________________ -->\r\n\r\n<\/div><div class=\"cmsmasters_wrap_more_posts cmsmasters_wrap_more_items\"><\/div><\/div>\n<\/div>\n<\/div>\n<\/div>\n<\/div>\n<\/div>\n<\/div>\n\n","protected":false},"excerpt":{"rendered":"","protected":false},"author":1,"featured_media":0,"parent":0,"menu_order":0,"comment_status":"closed","ping_status":"closed","template":"","meta":{"loftloader_page_shortcode":"","footnotes":""},"yst_prominent_words":[831,1083,197,1089,1085,1081,1086,1088,1087,1082,1080,1484,151],"yoast_head":"<!-- This site is optimized with the Yoast SEO Premium plugin v14.4.1 - https:\/\/yoast.com\/wordpress\/plugins\/seo\/ -->\n<title>Obavje\u0161tenja za roditelje | Srednja poslovno-komercijalna i trgova\u010dka \u0161kola Sarajevo<\/title>\n<meta name=\"robots\" content=\"index, follow\" \/>\n<meta name=\"googlebot\" content=\"index, follow, max-snippet:-1, max-image-preview:large, max-video-preview:-1\" \/>\n<meta name=\"bingbot\" content=\"index, follow, max-snippet:-1, max-image-preview:large, max-video-preview:-1\" \/>\n<link rel=\"canonical\" href=\"https:\/\/pktss.com\/?page_id=8043\" \/>\n<meta property=\"og:locale\" content=\"en_US\" \/>\n<meta property=\"og:type\" content=\"article\" \/>\n<meta property=\"og:title\" content=\"Obavje\u0161tenja za roditelje | Srednja poslovno-komercijalna i trgova\u010dka \u0161kola Sarajevo\" \/>\n<meta property=\"og:url\" content=\"https:\/\/pktss.com\/?page_id=8043\" \/>\n<meta property=\"og:site_name\" content=\"Srednja poslovno-komercijalna i trgova\u010dka \u0161kola Sarajevo\" \/>\n<meta property=\"article:publisher\" content=\"https:\/\/www.facebook.com\/pages\/category\/High-School\/JU-Srednja-poslovno-komercijalna-i-trgova%c4%8dka-%c5%a1kola-757508807718194\/\" \/>\n<meta name=\"twitter:card\" content=\"summary_large_image\" \/>\n<script type=\"application\/ld+json\" class=\"yoast-schema-graph\">{\"@context\":\"https:\/\/schema.org\",\"@graph\":[{\"@type\":[\"Organization\",\"Place\"],\"@id\":\"https:\/\/pktss.com\/#organization\",\"name\":\"JU Srednja poslovno-komercijalna i trgova\\u010dka \\u0161kola Sarajevo\",\"url\":\"https:\/\/pktss.com\/\",\"sameAs\":[\"https:\/\/www.facebook.com\/pages\/category\/High-School\/JU-Srednja-poslovno-komercijalna-i-trgova\\u010dka-\\u0161kola-757508807718194\/\"],\"logo\":{\"@type\":\"ImageObject\",\"@id\":\"https:\/\/pktss.com\/#logo\",\"inLanguage\":\"en-US\",\"url\":\"https:\/\/pktss.com\/wp-content\/uploads\/2020\/06\/logo.png\",\"width\":350,\"height\":56,\"caption\":\"JU Srednja poslovno-komercijalna i trgova\\u010dka \\u0161kola Sarajevo\"},\"image\":{\"@id\":\"https:\/\/pktss.com\/#logo\"},\"location\":{\"@id\":\"https:\/\/pktss.com\/?page_id=8043#local-place\"},\"address\":{\"@id\":\"https:\/\/pktss.com\/?page_id=8043#local-place-address\"}},{\"@type\":\"WebSite\",\"@id\":\"https:\/\/pktss.com\/#website\",\"url\":\"https:\/\/pktss.com\/\",\"name\":\"Srednja poslovno-komercijalna i trgova\\u010dka \\u0161kola Sarajevo\",\"description\":\"Srednja \\u0161kola\",\"publisher\":{\"@id\":\"https:\/\/pktss.com\/#organization\"},\"potentialAction\":[{\"@type\":\"SearchAction\",\"target\":\"https:\/\/pktss.com\/?s={search_term_string}\",\"query-input\":\"required name=search_term_string\"}],\"inLanguage\":\"en-US\"},{\"@type\":\"WebPage\",\"@id\":\"https:\/\/pktss.com\/?page_id=8043#webpage\",\"url\":\"https:\/\/pktss.com\/?page_id=8043\",\"name\":\"Obavje\\u0161tenja za roditelje | Srednja poslovno-komercijalna i trgova\\u010dka \\u0161kola Sarajevo\",\"isPartOf\":{\"@id\":\"https:\/\/pktss.com\/#website\"},\"datePublished\":\"2019-01-07T15:44:19+00:00\",\"dateModified\":\"2019-01-07T15:44:19+00:00\",\"inLanguage\":\"en-US\",\"potentialAction\":[{\"@type\":\"ReadAction\",\"target\":[\"https:\/\/pktss.com\/?page_id=8043\"]}]},{\"@type\":\"Place\",\"@id\":\"https:\/\/pktss.com\/?page_id=8043#local-place\",\"address\":{\"@type\":\"PostalAddress\",\"@id\":\"https:\/\/pktss.com\/?page_id=8043#local-place-address\",\"streetAddress\":\"\",\"addressLocality\":\"\",\"postalCode\":\"\",\"addressRegion\":\"\",\"addressCountry\":\"\"},\"geo\":{\"@type\":\"GeoCoordinates\",\"latitude\":\"\",\"longitude\":\"\"},\"openingHoursSpecification\":[{\"@type\":\"OpeningHoursSpecification\",\"dayOfWeek\":[\"Monday\",\"Tuesday\",\"Wednesday\",\"Thursday\",\"Friday\",\"Saturday\",\"Sunday\"],\"opens\":\"09:00\",\"closes\":\"17:00\"}]}]}<\/script>\n<!-- \/ Yoast SEO Premium plugin. -->","_links":{"self":[{"href":"https:\/\/pktss.com\/index.php?rest_route=\/wp\/v2\/pages\/8043"}],"collection":[{"href":"https:\/\/pktss.com\/index.php?rest_route=\/wp\/v2\/pages"}],"about":[{"href":"https:\/\/pktss.com\/index.php?rest_route=\/wp\/v2\/types\/page"}],"author":[{"embeddable":true,"href":"https:\/\/pktss.com\/index.php?rest_route=\/wp\/v2\/users\/1"}],"replies":[{"embeddable":true,"href":"https:\/\/pktss.com\/index.php?rest_route=%2Fwp%2Fv2%2Fcomments&post=8043"}],"version-history":[{"count":1,"href":"https:\/\/pktss.com\/index.php?rest_route=\/wp\/v2\/pages\/8043\/revisions"}],"predecessor-version":[{"id":8044,"href":"https:\/\/pktss.com\/index.php?rest_route=\/wp\/v2\/pages\/8043\/revisions\/8044"}],"wp:attachment":[{"href":"https:\/\/pktss.com\/index.php?rest_route=%2Fwp%2Fv2%2Fmedia&parent=8043"}],"wp:term":[{"taxonomy":"yst_prominent_words","embeddable":true,"href":"https:\/\/pktss.com\/index.php?rest_route=%2Fwp%2Fv2%2Fyst_prominent_words&post=8043"}],"curies":[{"name":"wp","href":"https:\/\/api.w.org\/{rel}","templated":true}]}}