{"id":8080,"date":"2019-01-09T08:35:47","date_gmt":"2019-01-09T08:35:47","guid":{"rendered":"https:\/\/pktss.com\/?page_id=8080"},"modified":"2019-01-25T10:25:17","modified_gmt":"2019-01-25T10:25:17","slug":"info","status":"publish","type":"page","link":"https:\/\/pktss.com\/?page_id=8080","title":{"rendered":"Info"},"content":{"rendered":"<style type=\"text\/css\"> \n#cmsmasters_row_6a070db7d52bf .cmsmasters_row_outer_parent { \n\tpadding-top: 0px; \n} \n\n#cmsmasters_row_6a070db7d52bf .cmsmasters_row_outer_parent { \n\tpadding-bottom: 50px; \n} \n\n \n#cmsmasters_row_6a070db7d548d .cmsmasters_row_outer_parent { \n\tpadding-top: 0px; \n} \n\n#cmsmasters_row_6a070db7d548d .cmsmasters_row_outer_parent { \n\tpadding-bottom: 50px; \n} \n\n \n#cmsmasters_icon_box_6a070db7d5601 { \n\tborder-width:0px; \n} \n\n#cmsmasters_icon_box_6a070db7d5601:before, \n#cmsmasters_icon_box_6a070db7d5601 .icon_box_heading:before { \n\tfont-size:30px; \n\tline-height:50px; \n\twidth:50px; \n\theight:50px; \n\tborder-width:0px; \n\t-webkit-border-radius:50%; \n\tborder-radius:50%; \n} \n\n#cmsmasters_icon_box_6a070db7d5601 { \n\tpadding-top:80px; } \n\n#cmsmasters_icon_box_6a070db7d5601:before, \n#cmsmasters_icon_box_6a070db7d5601 .icon_box_heading:before { \n\tmargin-left:-25px; \n\t} \n\n#cmsmasters_icon_box_6a070db7d5601.cmsmasters_icon_box_top { \n\tpadding-top:55px; \n\tmargin-top:25px; \n\t} \n\n#cmsmasters_icon_box_6a070db7d5601.cmsmasters_icon_box_top:before { \n\ttop:-25px; \n\t} \n\n \n#cmsmasters_icon_box_6a070db7d570d { \n\tborder-width:0px; \n} \n\n#cmsmasters_icon_box_6a070db7d570d:before, \n#cmsmasters_icon_box_6a070db7d570d .icon_box_heading:before { \n\tfont-size:30px; \n\tline-height:50px; \n\twidth:50px; \n\theight:50px; \n\tborder-width:0px; \n\t-webkit-border-radius:50%; \n\tborder-radius:50%; \n} \n\n#cmsmasters_icon_box_6a070db7d570d { \n\tpadding-top:80px; } \n\n#cmsmasters_icon_box_6a070db7d570d:before, \n#cmsmasters_icon_box_6a070db7d570d .icon_box_heading:before { \n\tmargin-left:-25px; \n\t} \n\n#cmsmasters_icon_box_6a070db7d570d.cmsmasters_icon_top { \n\tpadding-top:110px; \n\t} \n\n \n#cmsmasters_row_6a070db7d5764 .cmsmasters_row_outer_parent { \n\tpadding-top: 0px; \n} \n\n#cmsmasters_row_6a070db7d5764 .cmsmasters_row_outer_parent { \n\tpadding-bottom: 50px; \n} \n\n \n#cmsmasters_heading_6a070db7d58a7 { \n\ttext-align:center; \n\tmargin-top:0px; \n\tmargin-bottom:20px; \n} \n\n#cmsmasters_heading_6a070db7d58a7 .cmsmasters_heading { \n\ttext-align:center; \n} \n\n#cmsmasters_heading_6a070db7d58a7 .cmsmasters_heading, #cmsmasters_heading_6a070db7d58a7 .cmsmasters_heading a { \n\tfont-weight:normal; \n\tfont-style:normal; \n} \n\n#cmsmasters_heading_6a070db7d58a7 .cmsmasters_heading_divider { \n} \n\n \n#cmsmasters_row_6a070db7d58e6 .cmsmasters_row_outer_parent { \n\tpadding-top: 0px; \n} \n\n#cmsmasters_row_6a070db7d58e6 .cmsmasters_row_outer_parent { \n\tpadding-bottom: 50px; \n} \n\n \n#cmsmasters_row_6a070db7d5f95 .cmsmasters_row_outer_parent { \n\tpadding-top: 0px; \n} \n\n#cmsmasters_row_6a070db7d5f95 .cmsmasters_row_outer_parent { \n\tpadding-bottom: 50px; \n} \n\n<\/style><div id=\"cmsmasters_row_6a070db7d52bf\" class=\"cmsmasters_row cmsmasters_color_scheme_default cmsmasters_row_top_default cmsmasters_row_bot_default cmsmasters_row_boxed\">\n<div class=\"cmsmasters_row_outer_parent\">\n<div class=\"cmsmasters_row_outer\">\n<div class=\"cmsmasters_row_inner\">\n<div class=\"cmsmasters_row_margin\">\n<div class=\"cmsmasters_column one_first\">\n<\/div>\n<\/div>\n<\/div>\n<\/div>\n<\/div>\n<\/div>\n<div id=\"cmsmasters_row_6a070db7d548d\" class=\"cmsmasters_row cmsmasters_color_scheme_default cmsmasters_row_top_default cmsmasters_row_bot_default cmsmasters_row_boxed\">\n<div class=\"cmsmasters_row_outer_parent\">\n<div class=\"cmsmasters_row_outer\">\n<div class=\"cmsmasters_row_inner\">\n<div class=\"cmsmasters_row_margin\">\n<div class=\"cmsmasters_column one_half\">\n\n<div id=\"cmsmasters_icon_box_6a070db7d5601\" class=\"cmsmasters_icon_box cmsmasters_icon_box_top box_icon_type_icon cmsmasters-icon-book-open\">\n<div class=\"icon_box_inner\">\n<h1 class=\"icon_box_heading\">Vanredni u\u010denici<\/h1>\n<div class=\"icon_box_text\">\n<h4>Ovaj dio na\u0161e stranice namijenjen je svima vama koji se \u017eelite vanredno obrazovati u ovoj \u0160koli i na taj na\u010din ste\u0107i srednju stru\u010dnu spremu, izvr\u0161iti dokvalifikaciju ili prekvalifikaciju.<\/h4>\n<\/div>\n<\/div>\n<\/div>\n<\/div>\n<div class=\"cmsmasters_column one_half\">\n\n<div id=\"cmsmasters_icon_box_6a070db7d570d\" class=\"cmsmasters_icon_box cmsmasters_icon_top box_icon_type_icon cmsmasters-icon-info-3\">\n<div class=\"icon_box_inner\">\n<h1 class=\"icon_box_heading\">Nastavni planovi<\/h1>\n<div class=\"icon_box_text\">\n<p>Nastava za zanimanja prodava\u010d i aran\u017eer odvija se po starom Nastavnom planu i programu, a nastava za zanimanja trgova\u010dki tehni\u010dar i poslovno-pravni tehni\u010dar odvija se po EUVET Nastavnom planu i programu.<\/p>\n<\/div>\n<\/div>\n<\/div>\n<\/div>\n<\/div>\n<\/div>\n<\/div>\n<\/div>\n<\/div>\n<div id=\"cmsmasters_row_6a070db7d5764\" class=\"cmsmasters_row cmsmasters_color_scheme_default cmsmasters_row_top_default cmsmasters_row_bot_default cmsmasters_row_boxed\">\n<div class=\"cmsmasters_row_outer_parent\">\n<div class=\"cmsmasters_row_outer\">\n<div class=\"cmsmasters_row_inner\">\n<div class=\"cmsmasters_row_margin\">\n<div class=\"cmsmasters_column one_first\">\n\n<div id=\"cmsmasters_heading_6a070db7d58a7\" class=\"cmsmasters_heading_wrap cmsmasters_heading_align_center\">\n\t<h1 class=\"cmsmasters_heading\">JU Srednja poslovno-komercijalna i trgova\u010dka \u0161kola u Sarajevu nudi mogu\u0107nost upisa vanrednih u\u010denika na \u010detiri zanimanja<\/h1>\n<\/div>\n<\/div>\n<\/div>\n<\/div>\n<\/div>\n<\/div>\n<\/div>\n<div id=\"cmsmasters_row_6a070db7d58e6\" class=\"cmsmasters_row cmsmasters_color_scheme_default cmsmasters_row_top_default cmsmasters_row_bot_default cmsmasters_row_boxed\">\n<div class=\"cmsmasters_row_outer_parent\">\n<div class=\"cmsmasters_row_outer\">\n<div class=\"cmsmasters_row_inner\">\n<div class=\"cmsmasters_row_margin\">\n<div class=\"cmsmasters_column one_first\">\n<table class=\"cmsmasters_table\"><caption><\/caption><thead><tr class=\"cmsmasters_table_row_header\"><th class=\"cmsmasters_table_cell_alignleft\">Trogodi\u0161nji stepen<\/th><th class=\"cmsmasters_table_cell_alignleft\">\u010cetverogodi\u0161nji stepen<\/th><\/tr><\/thead><tr><td class=\"cmsmasters_table_cell_alignleft\">Trgovac<\/td><td class=\"cmsmasters_table_cell_alignleft\">Poslovno-pravni tehni\u010dar<\/td><\/tr><tr><td class=\"cmsmasters_table_cell_alignleft\"><\/td><td class=\"cmsmasters_table_cell_alignleft\">Komercijalni tehni\u010dar<\/td><\/tr><tr><td class=\"cmsmasters_table_cell_alignleft\"><\/td><td class=\"cmsmasters_table_cell_alignleft\">Aran\u017eer \/ VISUAL MERCHANDISER<\/td><\/tr><\/table>\n<\/div>\n<\/div>\n<\/div>\n<\/div>\n<\/div>\n<\/div>\n<div id=\"cmsmasters_row_6a070db7d5f95\" class=\"cmsmasters_row cmsmasters_color_scheme_default cmsmasters_row_top_default cmsmasters_row_bot_default cmsmasters_row_boxed\">\n<div class=\"cmsmasters_row_outer_parent\">\n<div class=\"cmsmasters_row_outer\">\n<div class=\"cmsmasters_row_inner\">\n<div class=\"cmsmasters_row_margin\">\n<div class=\"cmsmasters_column one_first\">\n<div class=\"cmsmasters_tabs tabs_mode_tour tabs_pos_left\">\n<ul class=\"cmsmasters_tabs_list\">\n<li id=\"cmsmasters_tabs_list_item_6a070db7d6265\" class=\"cmsmasters_tabs_list_item current_tab\">\n<a href=\"#\">\n<span>Poslovno-pravni tehni\u010dar<\/span>\n<\/a>\n<\/li><li id=\"cmsmasters_tabs_list_item_6a070db7d6650\" class=\"cmsmasters_tabs_list_item\">\n<a href=\"#\">\n<span>Komercijalni tehni\u010dar<\/span>\n<\/a>\n<\/li><li id=\"cmsmasters_tabs_list_item_6a070db7d67c8\" class=\"cmsmasters_tabs_list_item\">\n<a href=\"#\">\n<span>Aran\u017eer \/ VISUAL MERCHANDISER<\/span>\n<\/a>\n<\/li><li id=\"cmsmasters_tabs_list_item_6a070db7d6919\" class=\"cmsmasters_tabs_list_item\">\n<a href=\"#\">\n<span>Trgovac<\/span>\n<\/a>\n<\/li><\/ul>\n<div class=\"cmsmasters_tabs_wrap\">\n<div id=\"cmsmasters_tab_6a070db7d6265\" class=\"cmsmasters_tab active_tab\">\n<div class=\"cmsmasters_tab_inner\">\n<p><a href=\"https:\/\/pktss.com\/wp-content\/uploads\/2019\/01\/poslovno-pravni-tehnicar.pdf\" class=\"pdfemb-viewer\" style=\"\" data-width=\"max\" data-height=\"max\"  data-toolbar=\"bottom\" data-toolbar-fixed=\"off\">poslovno-pravni-tehnicar<br\/><\/a><\/p>\n<\/div>\n<\/div><div id=\"cmsmasters_tab_6a070db7d6650\" class=\"cmsmasters_tab\">\n<div class=\"cmsmasters_tab_inner\">\n<p><a href=\"https:\/\/pktss.com\/wp-content\/uploads\/2019\/01\/komercijalni-tehnicar.pdf\" class=\"pdfemb-viewer\" style=\"\" data-width=\"max\" data-height=\"max\"  data-toolbar=\"bottom\" data-toolbar-fixed=\"off\">komercijalni-tehnicar<br\/><\/a><\/p>\n<\/div>\n<\/div><div id=\"cmsmasters_tab_6a070db7d67c8\" class=\"cmsmasters_tab\">\n<div class=\"cmsmasters_tab_inner\">\n<p><a href=\"https:\/\/pktss.com\/wp-content\/uploads\/2019\/01\/Aranzer.vanr_.pdf\" class=\"pdfemb-viewer\" style=\"\" data-width=\"max\" data-height=\"max\"  data-toolbar=\"bottom\" data-toolbar-fixed=\"off\">Aranzer.vanr_<br\/><\/a><\/p>\n<\/div>\n<\/div><div id=\"cmsmasters_tab_6a070db7d6919\" class=\"cmsmasters_tab\">\n<div class=\"cmsmasters_tab_inner\">\n<p><a href=\"https:\/\/pktss.com\/wp-content\/uploads\/2019\/01\/Prodavac-vanr.-1.pdf\" class=\"pdfemb-viewer\" style=\"\" data-width=\"max\" data-height=\"max\"  data-toolbar=\"bottom\" data-toolbar-fixed=\"off\">Prodavac-vanr.<br\/><\/a><\/p>\n<\/div>\n<\/div><\/div>\n<\/div>\n<\/div>\n<\/div>\n<\/div>\n<\/div>\n<\/div>\n<\/div>\n\n","protected":false},"excerpt":{"rendered":"","protected":false},"author":1,"featured_media":0,"parent":0,"menu_order":0,"comment_status":"closed","ping_status":"closed","template":"","meta":{"loftloader_page_shortcode":"","footnotes":""},"yst_prominent_words":[154,366,1181,156,182,152,112,151,551],"yoast_head":"<!-- This site is optimized with the Yoast SEO Premium plugin v14.4.1 - https:\/\/yoast.com\/wordpress\/plugins\/seo\/ -->\n<title>Info | Srednja poslovno-komercijalna i trgova\u010dka \u0161kola Sarajevo<\/title>\n<meta name=\"robots\" content=\"index, follow\" \/>\n<meta name=\"googlebot\" content=\"index, follow, max-snippet:-1, max-image-preview:large, max-video-preview:-1\" \/>\n<meta name=\"bingbot\" content=\"index, follow, max-snippet:-1, max-image-preview:large, max-video-preview:-1\" \/>\n<link rel=\"canonical\" href=\"https:\/\/pktss.com\/?page_id=8080\" \/>\n<meta property=\"og:locale\" content=\"en_US\" \/>\n<meta property=\"og:type\" content=\"article\" \/>\n<meta property=\"og:title\" content=\"Info | Srednja poslovno-komercijalna i trgova\u010dka \u0161kola Sarajevo\" \/>\n<meta property=\"og:url\" content=\"https:\/\/pktss.com\/?page_id=8080\" \/>\n<meta property=\"og:site_name\" content=\"Srednja poslovno-komercijalna i trgova\u010dka \u0161kola Sarajevo\" \/>\n<meta property=\"article:publisher\" content=\"https:\/\/www.facebook.com\/pages\/category\/High-School\/JU-Srednja-poslovno-komercijalna-i-trgova%c4%8dka-%c5%a1kola-757508807718194\/\" \/>\n<meta property=\"article:modified_time\" content=\"2019-01-25T10:25:17+00:00\" \/>\n<meta name=\"twitter:card\" content=\"summary_large_image\" \/>\n<script type=\"application\/ld+json\" class=\"yoast-schema-graph\">{\"@context\":\"https:\/\/schema.org\",\"@graph\":[{\"@type\":[\"Organization\",\"Place\"],\"@id\":\"https:\/\/pktss.com\/#organization\",\"name\":\"JU Srednja poslovno-komercijalna i trgova\\u010dka \\u0161kola Sarajevo\",\"url\":\"https:\/\/pktss.com\/\",\"sameAs\":[\"https:\/\/www.facebook.com\/pages\/category\/High-School\/JU-Srednja-poslovno-komercijalna-i-trgova\\u010dka-\\u0161kola-757508807718194\/\"],\"logo\":{\"@type\":\"ImageObject\",\"@id\":\"https:\/\/pktss.com\/#logo\",\"inLanguage\":\"en-US\",\"url\":\"https:\/\/pktss.com\/wp-content\/uploads\/2020\/06\/logo.png\",\"width\":350,\"height\":56,\"caption\":\"JU Srednja poslovno-komercijalna i trgova\\u010dka \\u0161kola Sarajevo\"},\"image\":{\"@id\":\"https:\/\/pktss.com\/#logo\"},\"location\":{\"@id\":\"https:\/\/pktss.com\/?page_id=8080#local-place\"},\"address\":{\"@id\":\"https:\/\/pktss.com\/?page_id=8080#local-place-address\"}},{\"@type\":\"WebSite\",\"@id\":\"https:\/\/pktss.com\/#website\",\"url\":\"https:\/\/pktss.com\/\",\"name\":\"Srednja poslovno-komercijalna i trgova\\u010dka \\u0161kola Sarajevo\",\"description\":\"Srednja \\u0161kola\",\"publisher\":{\"@id\":\"https:\/\/pktss.com\/#organization\"},\"potentialAction\":[{\"@type\":\"SearchAction\",\"target\":\"https:\/\/pktss.com\/?s={search_term_string}\",\"query-input\":\"required name=search_term_string\"}],\"inLanguage\":\"en-US\"},{\"@type\":\"WebPage\",\"@id\":\"https:\/\/pktss.com\/?page_id=8080#webpage\",\"url\":\"https:\/\/pktss.com\/?page_id=8080\",\"name\":\"Info | Srednja poslovno-komercijalna i trgova\\u010dka \\u0161kola Sarajevo\",\"isPartOf\":{\"@id\":\"https:\/\/pktss.com\/#website\"},\"datePublished\":\"2019-01-09T08:35:47+00:00\",\"dateModified\":\"2019-01-25T10:25:17+00:00\",\"inLanguage\":\"en-US\",\"potentialAction\":[{\"@type\":\"ReadAction\",\"target\":[\"https:\/\/pktss.com\/?page_id=8080\"]}]},{\"@type\":\"Place\",\"@id\":\"https:\/\/pktss.com\/?page_id=8080#local-place\",\"address\":{\"@type\":\"PostalAddress\",\"@id\":\"https:\/\/pktss.com\/?page_id=8080#local-place-address\",\"streetAddress\":\"\",\"addressLocality\":\"\",\"postalCode\":\"\",\"addressRegion\":\"\",\"addressCountry\":\"\"},\"geo\":{\"@type\":\"GeoCoordinates\",\"latitude\":\"\",\"longitude\":\"\"},\"openingHoursSpecification\":[{\"@type\":\"OpeningHoursSpecification\",\"dayOfWeek\":[\"Monday\",\"Tuesday\",\"Wednesday\",\"Thursday\",\"Friday\",\"Saturday\",\"Sunday\"],\"opens\":\"09:00\",\"closes\":\"17:00\"}]}]}<\/script>\n<!-- \/ Yoast SEO Premium plugin. -->","_links":{"self":[{"href":"https:\/\/pktss.com\/index.php?rest_route=\/wp\/v2\/pages\/8080"}],"collection":[{"href":"https:\/\/pktss.com\/index.php?rest_route=\/wp\/v2\/pages"}],"about":[{"href":"https:\/\/pktss.com\/index.php?rest_route=\/wp\/v2\/types\/page"}],"author":[{"embeddable":true,"href":"https:\/\/pktss.com\/index.php?rest_route=\/wp\/v2\/users\/1"}],"replies":[{"embeddable":true,"href":"https:\/\/pktss.com\/index.php?rest_route=%2Fwp%2Fv2%2Fcomments&post=8080"}],"version-history":[{"count":5,"href":"https:\/\/pktss.com\/index.php?rest_route=\/wp\/v2\/pages\/8080\/revisions"}],"predecessor-version":[{"id":8103,"href":"https:\/\/pktss.com\/index.php?rest_route=\/wp\/v2\/pages\/8080\/revisions\/8103"}],"wp:attachment":[{"href":"https:\/\/pktss.com\/index.php?rest_route=%2Fwp%2Fv2%2Fmedia&parent=8080"}],"wp:term":[{"taxonomy":"yst_prominent_words","embeddable":true,"href":"https:\/\/pktss.com\/index.php?rest_route=%2Fwp%2Fv2%2Fyst_prominent_words&post=8080"}],"curies":[{"name":"wp","href":"https:\/\/api.w.org\/{rel}","templated":true}]}}