{"id":9609,"date":"2023-11-25T11:50:30","date_gmt":"2023-11-25T10:50:30","guid":{"rendered":"https:\/\/pktss.com\/?page_id=9609"},"modified":"2023-11-25T12:16:20","modified_gmt":"2023-11-25T11:16:20","slug":"prijava-povrede-sluzbene-duznosti-sa-obiljezjem-korupcije","status":"publish","type":"page","link":"https:\/\/pktss.com\/?page_id=9609","title":{"rendered":"Prijava povrede slu\u017ebene du\u017enosti sa obilje\u017ejem korupcije"},"content":{"rendered":"<style type=\"text\/css\"><\/style><div class=\"wpforms-container wpforms-container-full\" id=\"wpforms-9608\"><form id=\"wpforms-form-9608\" class=\"wpforms-validate wpforms-form wpforms-ajax-form\" data-formid=\"9608\" method=\"post\" enctype=\"multipart\/form-data\" action=\"\/index.php?rest_route=%2Fwp%2Fv2%2Fpages%2F9609&#038;wpforms_form_id=9608\" data-token=\"be3355cf2c62eca65bf3118650fcab3e\"><noscript class=\"wpforms-error-noscript\">Please enable JavaScript in your browser to complete this form.<\/noscript><div class=\"wpforms-field-container\"><div id=\"wpforms-9608-field_2-container\" class=\"wpforms-field wpforms-field-name\" data-field-id=\"2\"><label class=\"wpforms-field-label\" for=\"wpforms-9608-field_2\">Va\u0161e ime i prezime<\/label><input type=\"text\" id=\"wpforms-9608-field_2\" class=\"wpforms-field-small\" name=\"wpforms[fields][2]\" ><\/div><div id=\"wpforms-9608-field_3-container\" class=\"wpforms-field wpforms-field-phone\" data-field-id=\"3\"><label class=\"wpforms-field-label\" for=\"wpforms-9608-field_3\">Va\u0161 kontakt telefon<\/label><input type=\"tel\" id=\"wpforms-9608-field_3\" class=\"wpforms-field-small\" data-rule-int-phone-field=\"true\" name=\"wpforms[fields][3]\" ><\/div><div id=\"wpforms-9608-field_4-container\" class=\"wpforms-field wpforms-field-email\" data-field-id=\"4\"><label class=\"wpforms-field-label\" for=\"wpforms-9608-field_4\">Email <span class=\"wpforms-required-label\">*<\/span><\/label><input type=\"email\" id=\"wpforms-9608-field_4\" class=\"wpforms-field-small wpforms-field-required\" name=\"wpforms[fields][4]\" required><\/div><div id=\"wpforms-9608-field_5-container\" class=\"wpforms-field wpforms-field-text\" data-field-id=\"5\"><label class=\"wpforms-field-label\" for=\"wpforms-9608-field_5\">Na koga se va\u0161a prijava odnosi? <span class=\"wpforms-required-label\">*<\/span><\/label><input type=\"text\" id=\"wpforms-9608-field_5\" class=\"wpforms-field-medium wpforms-field-required\" name=\"wpforms[fields][5]\" required><\/div><div id=\"wpforms-9608-field_8-container\" class=\"wpforms-field wpforms-field-textarea\" data-field-id=\"8\"><label class=\"wpforms-field-label\" for=\"wpforms-9608-field_8\">Opi\u0161ite nezakonitu radnju? <span class=\"wpforms-required-label\">*<\/span><\/label><textarea id=\"wpforms-9608-field_8\" class=\"wpforms-field-medium wpforms-field-required\" name=\"wpforms[fields][8]\" required><\/textarea><\/div><div id=\"wpforms-9608-field_9-container\" class=\"wpforms-field wpforms-field-file-upload\" data-field-id=\"9\"><label class=\"wpforms-field-label\" for=\"wpforms-9608-field_9\">Ukoliko posjedujete pisane i\/ili materijalne dokaze, molimo da ih dostavite!<\/label><div class=\"wpforms-uploader\"\n\tdata-field-id=\"9\"\n\tdata-form-id=\"9608\"\n\tdata-input-name=\"wpforms_9608_9\"\n\tdata-extensions=\"class,json,doc,xcf,psd,onepkg,onetoc2,onetoc,oxps,pdf,rar,rtf,key,numbers,pages,xls,xlt,xlw,xla,xlam,xlsb,xlsm,xltm,pot,ppt,pps,ppam,pptm,sldm,ppsm,potm,mpp,docm,dotm,wri,xps,odc,odb,odf,odg,odp,ods,odt,pptx,sldx,ppsx,potx,xlsx,xltx,docx,dotx,wpd,wp,7z,gzip,gz,tar,zip,aac,flac,mid,midi,m4a,mp3,m4b,ogg,oga,wav,mka,wax,wma,ram,ra,bmp,gif,heic,jpg,jpeg,jpe,png,tiff,tif,webp,ico,ics,css,csv,txt,c,asc,cc,h,srt,rtx,tsv,vtt,3gpp,3gp,3gp2,3g2,avi,divx,m4v,mp4,mpg,mpe,mpeg,ogv,qt,mov,webm,mkv,asx,asf,wm,wmv,wmx\"\n\tdata-max-size=\"2097152\"\n\tdata-max-file-number=\"1\"\n\tdata-post-max-size=\"2097152\"\n    data-max-parallel-uploads=\"4\"\n    data-parallel-uploads=\"true\"\n\tdata-file-chunk-size=\"2097152\">\n\t<div class=\"dz-message\">\n\t\t<svg viewBox=\"0 0 1024 1024\" focusable=\"false\" class=\"\" data-icon=\"inbox\" width=\"50px\" height=\"50px\" fill=\"#B1B1B1\" aria-hidden=\"true\"><path d=\"M885.2 446.3l-.2-.8-112.2-285.1c-5-16.1-19.9-27.2-36.8-27.2H281.2c-17 0-32.1 11.3-36.9 27.6L139.4 443l-.3.7-.2.8c-1.3 4.9-1.7 9.9-1 14.8-.1 1.6-.2 3.2-.2 4.8V830a60.9 60.9 0 0 0 60.8 60.8h627.2c33.5 0 60.8-27.3 60.9-60.8V464.1c0-1.3 0-2.6-.1-3.7.4-4.9 0-9.6-1.3-14.1zm-295.8-43l-.3 15.7c-.8 44.9-31.8 75.1-77.1 75.1-22.1 0-41.1-7.1-54.8-20.6S436 441.2 435.6 419l-.3-15.7H229.5L309 210h399.2l81.7 193.3H589.4zm-375 76.8h157.3c24.3 57.1 76 90.8 140.4 90.8 33.7 0 65-9.4 90.3-27.2 22.2-15.6 39.5-37.4 50.7-63.6h156.5V814H214.4V480.1z\"><\/path><\/svg>\n\t\t<span class=\"modern-title\">\n\t\t\tClick or drag a file to this area to upload.\t\t<\/span>\n\n\t\t\t<\/div>\n<\/div>\n<input type=\"text\" class=\"dropzone-input\"\n\tstyle=\"position:absolute!important;clip:rect(0,0,0,0)!important;height:1px!important;width:1px!important;border:0!important;overflow:hidden!important;padding:0!important;margin:0!important;\"\n\tid=\"wpforms-9608-field_9\"\n\tname=\"wpforms_9608_9\" >\n<\/div><div id=\"wpforms-9608-field_10-container\" class=\"wpforms-field wpforms-field-text\" data-field-id=\"10\"><label class=\"wpforms-field-label\" for=\"wpforms-9608-field_10\">Mjesto gdje je izvr\u0161ena nezakonita radnja? <span class=\"wpforms-required-label\">*<\/span><\/label><input type=\"text\" id=\"wpforms-9608-field_10\" class=\"wpforms-field-medium wpforms-field-required\" name=\"wpforms[fields][10]\" required><\/div><div id=\"wpforms-9608-field_1-container\" class=\"wpforms-field wpforms-field-date-time\" data-field-id=\"1\"><label class=\"wpforms-field-label\" for=\"wpforms-9608-field_1\">Kada je izvr\u0161ena nezakonita radnja? <span class=\"wpforms-required-label\">*<\/span><\/label><div class=\"wpforms-field-row wpforms-field-small\"><div class=\"wpforms-field-row-block wpforms-one-half wpforms-first\"><div class=\"wpforms-datepicker-wrap\"><input type=\"text\" id=\"wpforms-9608-field_1\" class=\"wpforms-field-date-time-date wpforms-datepicker wpforms-field-required\" data-date-format=\"m\/d\/Y\" data-disable-past-dates=\"0\" data-input=\"true\" name=\"wpforms[fields][1][date]\" required><a title=\"Clear Date\" data-clear class=\"wpforms-datepicker-clear\" style=\"display:none;\"><\/a><\/div><label for=\"wpforms-9608-field_1\" class=\"wpforms-field-sublabel after \">Date<\/label><\/div><div class=\"wpforms-field-row-block wpforms-one-half\"><input type=\"text\" id=\"wpforms-9608-field_1-time\" class=\"wpforms-field-date-time-time wpforms-timepicker wpforms-field-required\" data-rule-time12h=\"true\" data-time-format=\"g:i A\" data-step=\"30\" name=\"wpforms[fields][1][time]\" required><label for=\"wpforms-9608-field_1-time\" class=\"wpforms-field-sublabel after \">Time<\/label><\/div><\/div><\/div><div id=\"wpforms-9608-field_11-container\" class=\"wpforms-field wpforms-field-textarea\" data-field-id=\"11\"><label class=\"wpforms-field-label\" for=\"wpforms-9608-field_11\">Da li ste jo\u0161 nekome prijavili ove indicije koruptivnog pona\u0161anja i imate li dodati ne\u0161to u vezi sa va\u0161om prijavom?<\/label><textarea id=\"wpforms-9608-field_11\" class=\"wpforms-field-medium\" name=\"wpforms[fields][11]\" ><\/textarea><\/div><\/div><input type=\"hidden\" name=\"wpforms[recaptcha]\" value=\"\"><div class=\"wpforms-submit-container\" ><input type=\"hidden\" name=\"wpforms[id]\" value=\"9608\"><input type=\"hidden\" name=\"wpforms[author]\" value=\"1\"><button type=\"submit\" name=\"wpforms[submit]\" class=\"wpforms-submit \" id=\"wpforms-submit-9608\" value=\"wpforms-submit\" aria-live=\"assertive\" data-alt-text=\"Sending...\" data-submit-text=\"Po\u0161alji poruku\">Po\u0161alji poruku<\/button><img loading=\"lazy\" decoding=\"async\" src=\"https:\/\/pktss.com\/wp-content\/plugins\/wpforms\/assets\/images\/submit-spin.svg\" class=\"wpforms-submit-spinner\" style=\"display: none;\" width=\"26\" height=\"26\" alt=\"\"><\/div><\/form><\/div>  <!-- .wpforms-container -->\n","protected":false},"excerpt":{"rendered":"","protected":false},"author":1,"featured_media":0,"parent":0,"menu_order":0,"comment_status":"closed","ping_status":"closed","template":"","meta":{"loftloader_page_shortcode":"","footnotes":""},"yst_prominent_words":[],"yoast_head":"<!-- This site is optimized with the Yoast SEO Premium plugin v14.4.1 - https:\/\/yoast.com\/wordpress\/plugins\/seo\/ -->\n<title>Prijava povrede slu\u017ebene du\u017enosti sa obilje\u017ejem korupcije | Srednja poslovno-komercijalna i trgova\u010dka \u0161kola Sarajevo<\/title>\n<meta name=\"robots\" content=\"index, follow\" \/>\n<meta name=\"googlebot\" content=\"index, follow, max-snippet:-1, max-image-preview:large, max-video-preview:-1\" \/>\n<meta name=\"bingbot\" content=\"index, follow, max-snippet:-1, max-image-preview:large, max-video-preview:-1\" \/>\n<link rel=\"canonical\" href=\"https:\/\/pktss.com\/?page_id=9609\" \/>\n<meta property=\"og:locale\" content=\"en_US\" \/>\n<meta property=\"og:type\" content=\"article\" \/>\n<meta property=\"og:title\" content=\"Prijava povrede slu\u017ebene du\u017enosti sa obilje\u017ejem korupcije | Srednja poslovno-komercijalna i trgova\u010dka \u0161kola Sarajevo\" \/>\n<meta property=\"og:url\" content=\"https:\/\/pktss.com\/?page_id=9609\" \/>\n<meta property=\"og:site_name\" content=\"Srednja poslovno-komercijalna i trgova\u010dka \u0161kola Sarajevo\" \/>\n<meta property=\"article:publisher\" content=\"https:\/\/www.facebook.com\/pages\/category\/High-School\/JU-Srednja-poslovno-komercijalna-i-trgova%c4%8dka-%c5%a1kola-757508807718194\/\" \/>\n<meta property=\"article:modified_time\" content=\"2023-11-25T11:16:20+00:00\" \/>\n<meta name=\"twitter:card\" content=\"summary_large_image\" \/>\n<script type=\"application\/ld+json\" class=\"yoast-schema-graph\">{\"@context\":\"https:\/\/schema.org\",\"@graph\":[{\"@type\":[\"Organization\",\"Place\"],\"@id\":\"https:\/\/pktss.com\/#organization\",\"name\":\"JU Srednja poslovno-komercijalna i trgova\\u010dka \\u0161kola Sarajevo\",\"url\":\"https:\/\/pktss.com\/\",\"sameAs\":[\"https:\/\/www.facebook.com\/pages\/category\/High-School\/JU-Srednja-poslovno-komercijalna-i-trgova\\u010dka-\\u0161kola-757508807718194\/\"],\"logo\":{\"@type\":\"ImageObject\",\"@id\":\"https:\/\/pktss.com\/#logo\",\"inLanguage\":\"en-US\",\"url\":\"https:\/\/pktss.com\/wp-content\/uploads\/2020\/06\/logo.png\",\"width\":350,\"height\":56,\"caption\":\"JU Srednja poslovno-komercijalna i trgova\\u010dka \\u0161kola Sarajevo\"},\"image\":{\"@id\":\"https:\/\/pktss.com\/#logo\"},\"location\":{\"@id\":\"https:\/\/pktss.com\/?page_id=9609#local-place\"},\"address\":{\"@id\":\"https:\/\/pktss.com\/?page_id=9609#local-place-address\"}},{\"@type\":\"WebSite\",\"@id\":\"https:\/\/pktss.com\/#website\",\"url\":\"https:\/\/pktss.com\/\",\"name\":\"Srednja poslovno-komercijalna i trgova\\u010dka \\u0161kola Sarajevo\",\"description\":\"Srednja \\u0161kola\",\"publisher\":{\"@id\":\"https:\/\/pktss.com\/#organization\"},\"potentialAction\":[{\"@type\":\"SearchAction\",\"target\":\"https:\/\/pktss.com\/?s={search_term_string}\",\"query-input\":\"required name=search_term_string\"}],\"inLanguage\":\"en-US\"},{\"@type\":\"WebPage\",\"@id\":\"https:\/\/pktss.com\/?page_id=9609#webpage\",\"url\":\"https:\/\/pktss.com\/?page_id=9609\",\"name\":\"Prijava povrede slu\\u017ebene du\\u017enosti sa obilje\\u017ejem korupcije | Srednja poslovno-komercijalna i trgova\\u010dka \\u0161kola Sarajevo\",\"isPartOf\":{\"@id\":\"https:\/\/pktss.com\/#website\"},\"datePublished\":\"2023-11-25T10:50:30+00:00\",\"dateModified\":\"2023-11-25T11:16:20+00:00\",\"inLanguage\":\"en-US\",\"potentialAction\":[{\"@type\":\"ReadAction\",\"target\":[\"https:\/\/pktss.com\/?page_id=9609\"]}]},{\"@type\":\"Place\",\"@id\":\"https:\/\/pktss.com\/?page_id=9609#local-place\",\"address\":{\"@type\":\"PostalAddress\",\"@id\":\"https:\/\/pktss.com\/?page_id=9609#local-place-address\",\"streetAddress\":\"\",\"addressLocality\":\"\",\"postalCode\":\"\",\"addressRegion\":\"\",\"addressCountry\":\"\"},\"geo\":{\"@type\":\"GeoCoordinates\",\"latitude\":\"\",\"longitude\":\"\"},\"openingHoursSpecification\":[{\"@type\":\"OpeningHoursSpecification\",\"dayOfWeek\":[\"Monday\",\"Tuesday\",\"Wednesday\",\"Thursday\",\"Friday\",\"Saturday\",\"Sunday\"],\"opens\":\"09:00\",\"closes\":\"17:00\"}]}]}<\/script>\n<!-- \/ Yoast SEO Premium plugin. -->","_links":{"self":[{"href":"https:\/\/pktss.com\/index.php?rest_route=\/wp\/v2\/pages\/9609"}],"collection":[{"href":"https:\/\/pktss.com\/index.php?rest_route=\/wp\/v2\/pages"}],"about":[{"href":"https:\/\/pktss.com\/index.php?rest_route=\/wp\/v2\/types\/page"}],"author":[{"embeddable":true,"href":"https:\/\/pktss.com\/index.php?rest_route=\/wp\/v2\/users\/1"}],"replies":[{"embeddable":true,"href":"https:\/\/pktss.com\/index.php?rest_route=%2Fwp%2Fv2%2Fcomments&post=9609"}],"version-history":[{"count":1,"href":"https:\/\/pktss.com\/index.php?rest_route=\/wp\/v2\/pages\/9609\/revisions"}],"predecessor-version":[{"id":9610,"href":"https:\/\/pktss.com\/index.php?rest_route=\/wp\/v2\/pages\/9609\/revisions\/9610"}],"wp:attachment":[{"href":"https:\/\/pktss.com\/index.php?rest_route=%2Fwp%2Fv2%2Fmedia&parent=9609"}],"wp:term":[{"taxonomy":"yst_prominent_words","embeddable":true,"href":"https:\/\/pktss.com\/index.php?rest_route=%2Fwp%2Fv2%2Fyst_prominent_words&post=9609"}],"curies":[{"name":"wp","href":"https:\/\/api.w.org\/{rel}","templated":true}]}}